{"id":1104,"date":"2024-01-20T09:55:52","date_gmt":"2024-01-20T09:55:52","guid":{"rendered":"https:\/\/dukoralcanada.com\/cholera\/"},"modified":"2024-02-26T07:41:02","modified_gmt":"2024-02-26T07:41:02","slug":"cholera","status":"publish","type":"page","link":"https:\/\/dukoralcanada.com\/fr\/cholera\/","title":{"rendered":"Chol\u00e9ra"},"content":{"rendered":"\t\t<div data-elementor-type=\"wp-page\" data-elementor-id=\"1104\" class=\"elementor elementor-1104 elementor-22\">\n\t\t\t\t<div class=\"elementor-element elementor-element-a55817b e-flex e-con-boxed e-con e-parent\" data-id=\"a55817b\" data-element_type=\"container\" data-settings=\"{&quot;background_background&quot;:&quot;classic&quot;}\">\n\t\t\t\t\t<div class=\"e-con-inner\">\n\t\t<div class=\"elementor-element elementor-element-ecff9da e-con-full e-flex e-con e-child\" data-id=\"ecff9da\" data-element_type=\"container\">\n\t\t\t\t<div class=\"elementor-element elementor-element-662ab38 elementor-widget elementor-widget-heading\" data-id=\"662ab38\" data-element_type=\"widget\" data-widget_type=\"heading.default\">\n\t\t\t\t<div class=\"elementor-widget-container\">\n\t\t\t\t\t<h2 class=\"elementor-heading-title elementor-size-default\">Le chol\u00e9ra est une maladie qui se pr\u00e9vient par la vaccination; envisagez DUKORAL<sup>\u00ae1<\/sup>.<\/h2>\t\t\t\t<\/div>\n\t\t\t\t<\/div>\n\t\t\t\t<\/div>\n\t\t\t\t\t<\/div>\n\t\t\t\t<\/div>\n\t\t<div class=\"elementor-element elementor-element-9815cf0 e-flex e-con-boxed e-con e-parent\" data-id=\"9815cf0\" data-element_type=\"container\">\n\t\t\t\t\t<div class=\"e-con-inner\">\n\t\t\t\t<div class=\"elementor-element elementor-element-816aa59 elementor-widget elementor-widget-heading\" data-id=\"816aa59\" data-element_type=\"widget\" data-widget_type=\"heading.default\">\n\t\t\t\t<div class=\"elementor-widget-container\">\n\t\t\t\t\t<h3 class=\"elementor-heading-title elementor-size-default\">Le chol\u00e9ra est un important probl\u00e8me de sant\u00e9 publique dans le monde et est end\u00e9mique dans 69 pays<sup>16-19<\/sup>.<\/h3>\t\t\t\t<\/div>\n\t\t\t\t<\/div>\n\t\t\t\t<div class=\"elementor-element elementor-element-3ac2fc8 elementor-widget elementor-widget-text-editor\" data-id=\"3ac2fc8\" data-element_type=\"widget\" data-widget_type=\"text-editor.default\">\n\t\t\t\t<div class=\"elementor-widget-container\">\n\t\t\t\t\t\t\t\t\tSelon l\u2019Organisation mondiale de la Sant\u00e9, on estime qu\u2019il y a chaque ann\u00e9e 1,3 \u00e0 4\u00a0millions de cas de chol\u00e9ra, et 21 000 \u00e0 143 000 d\u00e9c\u00e8s dus \u00e0 la maladie dans le monde<sup>16,17,19<\/sup>. \t\t\t\t\t\t\t\t<\/div>\n\t\t\t\t<\/div>\n\t\t<div class=\"elementor-element elementor-element-7a3107a e-flex e-con-boxed e-con e-child\" data-id=\"7a3107a\" data-element_type=\"container\" data-settings=\"{&quot;background_background&quot;:&quot;classic&quot;}\">\n\t\t\t\t\t<div class=\"e-con-inner\">\n\t\t<div class=\"elementor-element elementor-element-6473f43 e-flex e-con-boxed e-con e-child\" data-id=\"6473f43\" data-element_type=\"container\">\n\t\t\t\t\t<div class=\"e-con-inner\">\n\t\t\t\t<div class=\"elementor-element elementor-element-718862f elementor-widget elementor-widget-heading\" data-id=\"718862f\" data-element_type=\"widget\" data-widget_type=\"heading.default\">\n\t\t\t\t<div class=\"elementor-widget-container\">\n\t\t\t\t\t<h2 class=\"elementor-heading-title elementor-size-default\">L\u2019\u00e9volution du chol\u00e9ra \u00e0 travers le monde<sup>20,21<\/sup><\/h2>\t\t\t\t<\/div>\n\t\t\t\t<\/div>\n\t\t\t\t\t<\/div>\n\t\t\t\t<\/div>\n\t\t<div class=\"elementor-element elementor-element-177097c e-con-full e-flex e-con e-child\" data-id=\"177097c\" data-element_type=\"container\">\n\t\t<div class=\"elementor-element elementor-element-32572ae e-con-full e-flex e-con e-child\" data-id=\"32572ae\" data-element_type=\"container\">\n\t\t\t\t<div class=\"elementor-element elementor-element-cd96fc2 elementor-widget elementor-widget-heading\" data-id=\"cd96fc2\" data-element_type=\"widget\" data-widget_type=\"heading.default\">\n\t\t\t\t<div class=\"elementor-widget-container\">\n\t\t\t\t\t<div class=\"elementor-heading-title elementor-size-default\">2021<\/div>\t\t\t\t<\/div>\n\t\t\t\t<\/div>\n\t\t\t\t<div class=\"elementor-element elementor-element-493b753 elementor-widget elementor-widget-text-editor\" data-id=\"493b753\" data-element_type=\"widget\" data-widget_type=\"text-editor.default\">\n\t\t\t\t<div class=\"elementor-widget-container\">\n\t\t\t\t\t\t\t\t\t35 pays ont signal\u00e9 des \u00e9closions de chol\u00e9ra.\t\t\t\t\t\t\t\t<\/div>\n\t\t\t\t<\/div>\n\t\t\t\t<\/div>\n\t\t<div class=\"elementor-element elementor-element-953e05f e-con-full e-flex e-con e-child\" data-id=\"953e05f\" data-element_type=\"container\">\n\t\t\t\t<div class=\"elementor-element elementor-element-27fe3ba elementor-widget elementor-widget-heading\" data-id=\"27fe3ba\" data-element_type=\"widget\" data-widget_type=\"heading.default\">\n\t\t\t\t<div class=\"elementor-widget-container\">\n\t\t\t\t\t<div class=\"elementor-heading-title elementor-size-default\">2022<\/div>\t\t\t\t<\/div>\n\t\t\t\t<\/div>\n\t\t\t\t<div class=\"elementor-element elementor-element-9802d61 elementor-widget elementor-widget-text-editor\" data-id=\"9802d61\" data-element_type=\"widget\" data-widget_type=\"text-editor.default\">\n\t\t\t\t<div class=\"elementor-widget-container\">\n\t\t\t\t\t\t\t\t\tLa 7<sup>e<\/sup>\u00a0pand\u00e9mie de chol\u00e9ra a surgi.\t\t\t\t\t\t\t\t<\/div>\n\t\t\t\t<\/div>\n\t\t\t\t<div class=\"elementor-element elementor-element-dfc0e86 elementor-widget elementor-widget-text-editor\" data-id=\"dfc0e86\" data-element_type=\"widget\" data-widget_type=\"text-editor.default\">\n\t\t\t\t<div class=\"elementor-widget-container\">\n\t\t\t\t\t\t\t\t\t44 pays ont signal\u00e9 des cas de chol\u00e9ra.\t\t\t\t\t\t\t\t<\/div>\n\t\t\t\t<\/div>\n\t\t\t\t<div class=\"elementor-element elementor-element-16bbd54 elementor-widget elementor-widget-text-editor\" data-id=\"16bbd54\" data-element_type=\"widget\" data-widget_type=\"text-editor.default\">\n\t\t\t\t<div class=\"elementor-widget-container\">\n\t\t\t\t\t\t\t\t\tDes pays, comme le Liban et la Syrie, qui n\u2019avaient signal\u00e9 aucun cas de chol\u00e9ra depuis de nombreuses ann\u00e9es ont signal\u00e9 de grandes \u00e9closions en 2022.\t\t\t\t\t\t\t\t<\/div>\n\t\t\t\t<\/div>\n\t\t\t\t<\/div>\n\t\t<div class=\"elementor-element elementor-element-7c635f8 e-con-full e-flex e-con e-child\" data-id=\"7c635f8\" data-element_type=\"container\">\n\t\t\t\t<div class=\"elementor-element elementor-element-565c62b elementor-widget elementor-widget-heading\" data-id=\"565c62b\" data-element_type=\"widget\" data-widget_type=\"heading.default\">\n\t\t\t\t<div class=\"elementor-widget-container\">\n\t\t\t\t\t<div class=\"elementor-heading-title elementor-size-default\">2023<\/div>\t\t\t\t<\/div>\n\t\t\t\t<\/div>\n\t\t\t\t<div class=\"elementor-element elementor-element-9c09cc7 elementor-widget elementor-widget-text-editor\" data-id=\"9c09cc7\" data-element_type=\"widget\" data-widget_type=\"text-editor.default\">\n\t\t\t\t<div class=\"elementor-widget-container\">\n\t\t\t\t\t\t\t\t\tLes donn\u00e9es actuelles de 2023 indiquent que cette recrudescence mondiale se poursuit, compte tenu des cas signal\u00e9s dans 29 pays depuis le d\u00e9but de l\u2019ann\u00e9e.\t\t\t\t\t\t\t\t<\/div>\n\t\t\t\t<\/div>\n\t\t\t\t<\/div>\n\t\t\t\t<\/div>\n\t\t\t\t\t<\/div>\n\t\t\t\t<\/div>\n\t\t\t\t<div class=\"elementor-element elementor-element-d09139f elementor-widget elementor-widget-text-editor\" data-id=\"d09139f\" data-element_type=\"widget\" data-widget_type=\"text-editor.default\">\n\t\t\t\t<div class=\"elementor-widget-container\">\n\t\t\t\t\t\t\t\t\tLe chol\u00e9ra est une infection intestinale aigu\u00eb imputable \u00e0 la bact\u00e9rie <em>Vibrio\u00a0choler\u00e6<\/em>, qui peut provoquer une diarrh\u00e9e abondante et aqueuse pouvant entra\u00eener une d\u00e9shydratation grave et le d\u00e9c\u00e8s en l\u2019absence d\u2019un traitement ad\u00e9quat. DUKORAL<sup>\u00ae<\/sup> n\u2019est pas indiqu\u00e9 pour r\u00e9duire la d\u00e9shydratation ni pour pr\u00e9venir le d\u00e9c\u00e8s<sup>1,19,22<\/sup>. \t\t\t\t\t\t\t\t<\/div>\n\t\t\t\t<\/div>\n\t\t\t\t<div class=\"elementor-element elementor-element-fc1ec42 elementor-widget elementor-widget-text-editor\" data-id=\"fc1ec42\" data-element_type=\"widget\" data-widget_type=\"text-editor.default\">\n\t\t\t\t<div class=\"elementor-widget-container\">\n\t\t\t\t\t\t\t\t\tL\u2019infection se contracte principalement par l\u2019ingestion d\u2019eau ou de nourriture contamin\u00e9e; la transmission d\u2019une personne \u00e0 l\u2019autre est rare<sup>19,22<\/sup>. \t\t\t\t\t\t\t\t<\/div>\n\t\t\t\t<\/div>\n\t\t\t\t<div class=\"elementor-element elementor-element-2db24f6 elementor-widget__width-initial elementor-widget elementor-widget-heading\" data-id=\"2db24f6\" data-element_type=\"widget\" data-widget_type=\"heading.default\">\n\t\t\t\t<div class=\"elementor-widget-container\">\n\t\t\t\t\t<h3 class=\"elementor-heading-title elementor-size-default\">LA TRANSMISSION ACTIVE DU CHOL\u00c9RA SURVIENT DANS PLUSIEURS PAYS<sup>22<\/sup> : <\/h3>\t\t\t\t<\/div>\n\t\t\t\t<\/div>\n\t\t\t\t<div class=\"elementor-element elementor-element-9a08e91 elementor-widget elementor-widget-image\" data-id=\"9a08e91\" data-element_type=\"widget\" data-widget_type=\"image.default\">\n\t\t\t\t<div class=\"elementor-widget-container\">\n\t\t\t\t\t\t\t\t\t\t\t\t\t\t\t<img fetchpriority=\"high\" decoding=\"async\" width=\"1314\" height=\"593\" src=\"https:\/\/dukoralcanada.com\/wp-content\/uploads\/2024\/02\/image-2-fr.jpg\" class=\"attachment-full size-full wp-image-1110\" alt=\"\" srcset=\"https:\/\/dukoralcanada.com\/wp-content\/uploads\/2024\/02\/image-2-fr.jpg 1314w, https:\/\/dukoralcanada.com\/wp-content\/uploads\/2024\/02\/image-2-fr-300x135.jpg 300w, https:\/\/dukoralcanada.com\/wp-content\/uploads\/2024\/02\/image-2-fr-1024x462.jpg 1024w, https:\/\/dukoralcanada.com\/wp-content\/uploads\/2024\/02\/image-2-fr-768x347.jpg 768w\" sizes=\"(max-width: 1314px) 100vw, 1314px\" \/>\t\t\t\t\t\t\t\t\t\t\t\t\t\t\t<\/div>\n\t\t\t\t<\/div>\n\t\t\t\t<div class=\"elementor-element elementor-element-9eb1d24 elementor-widget elementor-widget-text-editor\" data-id=\"9eb1d24\" data-element_type=\"widget\" data-widget_type=\"text-editor.default\">\n\t\t\t\t<div class=\"elementor-widget-container\">\n\t\t\t\t\t\t\t\t\tD\u2019apr\u00e8s les <em>Centers for Disease Control and Prevention<\/em> (2023)<sup>22<\/sup>. \t\t\t\t\t\t\t\t<\/div>\n\t\t\t\t<\/div>\n\t\t\t\t\t<\/div>\n\t\t\t\t<\/div>\n\t\t<div class=\"elementor-element elementor-element-62e1eaf e-flex e-con-boxed e-con e-parent\" data-id=\"62e1eaf\" data-element_type=\"container\">\n\t\t\t\t\t<div class=\"e-con-inner\">\n\t\t\t\t<div class=\"elementor-element elementor-element-f4b2530 elementor-widget elementor-widget-heading\" data-id=\"f4b2530\" data-element_type=\"widget\" data-widget_type=\"heading.default\">\n\t\t\t\t<div class=\"elementor-widget-container\">\n\t\t\t\t\t<h3 class=\"elementor-heading-title elementor-size-default\">Facteurs de risque <\/h3>\t\t\t\t<\/div>\n\t\t\t\t<\/div>\n\t\t\t\t<div class=\"elementor-element elementor-element-7af1ecf elementor-widget elementor-widget-text-editor\" data-id=\"7af1ecf\" data-element_type=\"widget\" data-widget_type=\"text-editor.default\">\n\t\t\t\t<div class=\"elementor-widget-container\">\n\t\t\t\t\t\t\t\t\tParmi les populations plus vuln\u00e9rables au chol\u00e9ra et \u00e0 la diarrh\u00e9e caus\u00e9e par ETEC TL ou chez qui ces affections risquent d\u2019\u00eatre plus graves, mentionnons<sup>1<\/sup> :\n<ul class=\"ul\">\n \t<li>les personnes atteintes d\u2019achlorhydrie;<\/li>\n \t<li>les personnes gastrectomis\u00e9es;<\/li>\n \t<li>les personnes ayant des ant\u00e9c\u00e9dents de diarrh\u00e9e grave r\u00e9currente;<\/li>\n \t<li>les jeunes enfants (de plus de 2 ans);<\/li>\n \t<li>les personnes immunod\u00e9prim\u00e9es, par exemple en raison d\u2019une infection par le VIH s\u2019accompagnant d\u2019un faible nombre de cellules CD4.<\/li>\n<\/ul>\t\t\t\t\t\t\t\t<\/div>\n\t\t\t\t<\/div>\n\t\t\t\t\t<\/div>\n\t\t\t\t<\/div>\n\t\t<div class=\"elementor-element elementor-element-fce95f0 e-flex e-con-boxed e-con e-parent\" data-id=\"fce95f0\" data-element_type=\"container\">\n\t\t\t\t\t<div class=\"e-con-inner\">\n\t\t\t\t<div class=\"elementor-element elementor-element-1069720 elementor-widget elementor-widget-heading\" data-id=\"1069720\" data-element_type=\"widget\" data-widget_type=\"heading.default\">\n\t\t\t\t<div class=\"elementor-widget-container\">\n\t\t\t\t\t<h3 class=\"elementor-heading-title elementor-size-default\">Recommandez \u00e0 vos patients de prendre des pr\u00e9cautions en mati\u00e8re de consommation de nourriture et d\u2019eau, et d\u2019adopter les mesures d\u2019hygi\u00e8ne qui s\u2019imposent en voyage. <\/h3>\t\t\t\t<\/div>\n\t\t\t\t<\/div>\n\t\t\t\t<div class=\"elementor-element elementor-element-83f2693 elementor-widget elementor-widget-text-editor\" data-id=\"83f2693\" data-element_type=\"widget\" data-widget_type=\"text-editor.default\">\n\t\t\t\t<div class=\"elementor-widget-container\">\n\t\t\t\t\t\t\t\t\t<p>En ce qui concerne le chol\u00e9ra, <strong>les pr\u00e9cautions suivantes doivent \u00eatre prises en voyage<\/strong> :<\/p><ul class=\"ul\"><li><strong>Les aliments doivent \u00eatre bien cuits<\/strong> et servis chauds<sup>14<\/sup>.<\/li><li><strong>Les l\u00e9gumes, la viande et les fruits de mer crus<\/strong>, ainsi que la nourriture conserv\u00e9e \u00e0 la temp\u00e9rature ambiante doivent \u00eatre \u00e9vit\u00e9s<sup>14<\/sup>.<\/li><li><strong>L\u2019eau du robinet et les gla\u00e7ons<\/strong> (y compris les boissons glac\u00e9es qui ne sont pas pr\u00e9par\u00e9es avec de l\u2019eau filtr\u00e9e) <strong>sont aussi des aliments \u00e0 risque \u00e9lev\u00e9<\/strong><sup>14<\/sup>.<\/li><li>En g\u00e9n\u00e9ral, <strong>les boissons gazeuses, la bi\u00e8re et le vin, le caf\u00e9<\/strong> et <strong>le th\u00e9 chauds<\/strong>, les <strong>fruits pouvant \u00eatre pel\u00e9s<\/strong> et les <strong>produits en conserve<\/strong> sont <strong>s\u00fbrs<\/strong><sup>14<\/sup>.<\/li><li>Les <strong>repas au restaurant<\/strong> et la <strong>nourriture achet\u00e9e aupr\u00e8s d\u2019un marchand ambulant<\/strong> augmentent le <strong>risque de contracter le chol\u00e9ra<\/strong><sup>14<\/sup>.<\/li><li><strong>Le lavage fr\u00e9quent des mains avec de l\u2019eau propre et du savon<\/strong> r\u00e9duira le risque de transmission des bact\u00e9ries, surtout aux personnes qui vous accompagnent en voyage.<\/li><\/ul>\t\t\t\t\t\t\t\t<\/div>\n\t\t\t\t<\/div>\n\t\t\t\t<div class=\"elementor-element elementor-element-9804a40 elementor-widget elementor-widget-text-editor\" data-id=\"9804a40\" data-element_type=\"widget\" data-widget_type=\"text-editor.default\">\n\t\t\t\t<div class=\"elementor-widget-container\">\n\t\t\t\t\t\t\t\t\t<div style=\"margin-bottom: 10px;\"><strong>DUKORAL<sup>\u00ae<\/sup> doit \u00eatre utilis\u00e9 conform\u00e9ment aux recommandations officielles, en tenant compte des caract\u00e9ristiques \u00e9pid\u00e9miologiques et du risque de contraction d\u2019une maladie diarrh\u00e9ique dans la r\u00e9gion visit\u00e9e et de la nature du voyage<sup>1<\/sup>.<\/strong><\/div>\n<div style=\"margin-bottom: 0px;\"><strong>DUKORAL<sup>\u00ae<\/sup> ne doit pas remplacer les mesures d\u2019hygi\u00e8ne pr\u00e9ventive standard. En cas de diarrh\u00e9e, une r\u00e9hydratation s\u2019impose<sup>1<\/sup>.<\/strong><\/div>\t\t\t\t\t\t\t\t<\/div>\n\t\t\t\t<\/div>\n\t\t\t\t\t<\/div>\n\t\t\t\t<\/div>\n\t\t<div class=\"elementor-element elementor-element-c269048 e-flex e-con-boxed e-con e-parent\" data-id=\"c269048\" data-element_type=\"container\" data-settings=\"{&quot;background_background&quot;:&quot;classic&quot;}\">\n\t\t\t\t\t<div class=\"e-con-inner\">\n\t\t<div class=\"elementor-element elementor-element-8db77c7 e-con-full e-flex e-con e-child\" data-id=\"8db77c7\" data-element_type=\"container\">\n\t\t\t\t<div class=\"elementor-element elementor-element-90203d0 elementor-widget elementor-widget-text-editor\" data-id=\"90203d0\" data-element_type=\"widget\" data-widget_type=\"text-editor.default\">\n\t\t\t\t<div class=\"elementor-widget-container\">\n\t\t\t\t\t\t\t\t\tLe contact avec de la nourriture et des boissons contamin\u00e9es peut \u00eatre fr\u00e9quent et impr\u00e9vu. \t\t\t\t\t\t\t\t<\/div>\n\t\t\t\t<\/div>\n\t\t\t\t<div class=\"elementor-element elementor-element-c323581 elementor-widget elementor-widget-text-editor\" data-id=\"c323581\" data-element_type=\"widget\" data-widget_type=\"text-editor.default\">\n\t\t\t\t<div class=\"elementor-widget-container\">\n\t\t\t\t\t\t\t\t\tDiscutez des mesures pr\u00e9ventives contre le chol\u00e9ra, y compris DUKORAL<sup>\u00ae<\/sup>, avec vos patients au moins 2 semaines avant leur d\u00e9part \u00e0 l\u2019\u00e9tranger.\t\t\t\t\t\t\t\t<\/div>\n\t\t\t\t<\/div>\n\t\t\t\t<div class=\"elementor-element elementor-element-aa082f0 elementor-align-center elementor-invisible elementor-widget elementor-widget-button\" data-id=\"aa082f0\" data-element_type=\"widget\" data-settings=\"{&quot;_animation&quot;:&quot;fadeInUp&quot;}\" data-widget_type=\"button.default\">\n\t\t\t\t<div class=\"elementor-widget-container\">\n\t\t\t\t\t\t\t\t\t<div class=\"elementor-button-wrapper\">\n\t\t\t\t\t<a class=\"elementor-button elementor-button-link elementor-size-lg\" href=\"https:\/\/dukoralcanada.com\/fr\/a-propos-de-dukoral\/\">\n\t\t\t\t\t\t<span class=\"elementor-button-content-wrapper\">\n\t\t\t\t\t\t\t\t\t<span class=\"elementor-button-text\">En savoir plus sur DUKORAL<sup>\u00ae<\/sup><\/span>\n\t\t\t\t\t<\/span>\n\t\t\t\t\t<\/a>\n\t\t\t\t<\/div>\n\t\t\t\t\t\t\t\t<\/div>\n\t\t\t\t<\/div>\n\t\t\t\t<\/div>\n\t\t\t\t\t<\/div>\n\t\t\t\t<\/div>\n\t\t\t\t<\/div>\n\t\t","protected":false},"excerpt":{"rendered":"<p>Le chol\u00e9ra est une maladie qui se pr\u00e9vient par la vaccination; envisagez DUKORAL\u00ae1. Le chol\u00e9ra est un important probl\u00e8me de sant\u00e9 publique dans le monde et est end\u00e9mique dans 69 pays16-19. Selon l\u2019Organisation mondiale de la Sant\u00e9, on estime qu\u2019il y a chaque ann\u00e9e 1,3 \u00e0 4\u00a0millions de cas de chol\u00e9ra, et 21 000 \u00e0 [&hellip;]<\/p>\n","protected":false},"author":1,"featured_media":0,"parent":0,"menu_order":0,"comment_status":"closed","ping_status":"closed","template":"elementor_header_footer","meta":{"footnotes":""},"class_list":["post-1104","page","type-page","status-publish","hentry"],"yoast_head":"<!-- This site is optimized with the Yoast SEO plugin v26.8 - https:\/\/yoast.com\/product\/yoast-seo-wordpress\/ -->\n<title>Chol\u00e9ra - Dukoral Canada<\/title>\n<meta name=\"robots\" content=\"index, follow, max-snippet:-1, max-image-preview:large, max-video-preview:-1\" \/>\n<link rel=\"canonical\" href=\"https:\/\/dukoralcanada.com\/fr\/cholera\/\" \/>\n<meta property=\"og:locale\" content=\"fr_FR\" \/>\n<meta property=\"og:type\" content=\"article\" \/>\n<meta property=\"og:title\" content=\"Chol\u00e9ra - Dukoral Canada\" \/>\n<meta property=\"og:description\" content=\"Le chol\u00e9ra est une maladie qui se pr\u00e9vient par la vaccination; envisagez DUKORAL\u00ae1. Le chol\u00e9ra est un important probl\u00e8me de sant\u00e9 publique dans le monde et est end\u00e9mique dans 69 pays16-19. Selon l\u2019Organisation mondiale de la Sant\u00e9, on estime qu\u2019il y a chaque ann\u00e9e 1,3 \u00e0 4\u00a0millions de cas de chol\u00e9ra, et 21 000 \u00e0 [&hellip;]\" \/>\n<meta property=\"og:url\" content=\"https:\/\/dukoralcanada.com\/fr\/cholera\/\" \/>\n<meta property=\"og:site_name\" content=\"Dukoral Canada\" \/>\n<meta property=\"article:modified_time\" content=\"2024-02-26T07:41:02+00:00\" \/>\n<meta property=\"og:image\" content=\"https:\/\/dukoralcanada.com\/wp-content\/uploads\/2024\/02\/image-2-fr.jpg\" \/>\n<meta name=\"twitter:card\" content=\"summary_large_image\" \/>\n<meta name=\"twitter:label1\" content=\"Dur\u00e9e de lecture estim\u00e9e\" \/>\n\t<meta name=\"twitter:data1\" content=\"3 minutes\" \/>\n<script type=\"application\/ld+json\" class=\"yoast-schema-graph\">{\"@context\":\"https:\/\/schema.org\",\"@graph\":[{\"@type\":\"WebPage\",\"@id\":\"https:\/\/dukoralcanada.com\/fr\/cholera\/\",\"url\":\"https:\/\/dukoralcanada.com\/fr\/cholera\/\",\"name\":\"Chol\u00e9ra - Dukoral Canada\",\"isPartOf\":{\"@id\":\"https:\/\/dukoralcanada.com\/fr\/#website\"},\"primaryImageOfPage\":{\"@id\":\"https:\/\/dukoralcanada.com\/fr\/cholera\/#primaryimage\"},\"image\":{\"@id\":\"https:\/\/dukoralcanada.com\/fr\/cholera\/#primaryimage\"},\"thumbnailUrl\":\"https:\/\/dukoralcanada.com\/wp-content\/uploads\/2024\/02\/image-2-fr.jpg\",\"datePublished\":\"2024-01-20T09:55:52+00:00\",\"dateModified\":\"2024-02-26T07:41:02+00:00\",\"breadcrumb\":{\"@id\":\"https:\/\/dukoralcanada.com\/fr\/cholera\/#breadcrumb\"},\"inLanguage\":\"fr-FR\",\"potentialAction\":[{\"@type\":\"ReadAction\",\"target\":[\"https:\/\/dukoralcanada.com\/fr\/cholera\/\"]}]},{\"@type\":\"ImageObject\",\"inLanguage\":\"fr-FR\",\"@id\":\"https:\/\/dukoralcanada.com\/fr\/cholera\/#primaryimage\",\"url\":\"https:\/\/dukoralcanada.com\/wp-content\/uploads\/2024\/02\/image-2-fr.jpg\",\"contentUrl\":\"https:\/\/dukoralcanada.com\/wp-content\/uploads\/2024\/02\/image-2-fr.jpg\"},{\"@type\":\"BreadcrumbList\",\"@id\":\"https:\/\/dukoralcanada.com\/fr\/cholera\/#breadcrumb\",\"itemListElement\":[{\"@type\":\"ListItem\",\"position\":1,\"name\":\"Home\",\"item\":\"https:\/\/dukoralcanada.com\/fr\/\"},{\"@type\":\"ListItem\",\"position\":2,\"name\":\"Chol\u00e9ra\"}]},{\"@type\":\"WebSite\",\"@id\":\"https:\/\/dukoralcanada.com\/fr\/#website\",\"url\":\"https:\/\/dukoralcanada.com\/fr\/\",\"name\":\"Dukoral Canada\",\"description\":\"\",\"publisher\":{\"@id\":\"https:\/\/dukoralcanada.com\/fr\/#organization\"},\"potentialAction\":[{\"@type\":\"SearchAction\",\"target\":{\"@type\":\"EntryPoint\",\"urlTemplate\":\"https:\/\/dukoralcanada.com\/fr\/?s={search_term_string}\"},\"query-input\":{\"@type\":\"PropertyValueSpecification\",\"valueRequired\":true,\"valueName\":\"search_term_string\"}}],\"inLanguage\":\"fr-FR\"},{\"@type\":\"Organization\",\"@id\":\"https:\/\/dukoralcanada.com\/fr\/#organization\",\"name\":\"Dukoral Canada\",\"url\":\"https:\/\/dukoralcanada.com\/fr\/\",\"logo\":{\"@type\":\"ImageObject\",\"inLanguage\":\"fr-FR\",\"@id\":\"https:\/\/dukoralcanada.com\/fr\/#\/schema\/logo\/image\/\",\"url\":\"https:\/\/dukoralcanada.com\/wp-content\/uploads\/2024\/01\/logo.png\",\"contentUrl\":\"https:\/\/dukoralcanada.com\/wp-content\/uploads\/2024\/01\/logo.png\",\"width\":500,\"height\":118,\"caption\":\"Dukoral Canada\"},\"image\":{\"@id\":\"https:\/\/dukoralcanada.com\/fr\/#\/schema\/logo\/image\/\"}}]}<\/script>\n<!-- \/ Yoast SEO plugin. -->","yoast_head_json":{"title":"Chol\u00e9ra - Dukoral Canada","robots":{"index":"index","follow":"follow","max-snippet":"max-snippet:-1","max-image-preview":"max-image-preview:large","max-video-preview":"max-video-preview:-1"},"canonical":"https:\/\/dukoralcanada.com\/fr\/cholera\/","og_locale":"fr_FR","og_type":"article","og_title":"Chol\u00e9ra - Dukoral Canada","og_description":"Le chol\u00e9ra est une maladie qui se pr\u00e9vient par la vaccination; envisagez DUKORAL\u00ae1. Le chol\u00e9ra est un important probl\u00e8me de sant\u00e9 publique dans le monde et est end\u00e9mique dans 69 pays16-19. Selon l\u2019Organisation mondiale de la Sant\u00e9, on estime qu\u2019il y a chaque ann\u00e9e 1,3 \u00e0 4\u00a0millions de cas de chol\u00e9ra, et 21 000 \u00e0 [&hellip;]","og_url":"https:\/\/dukoralcanada.com\/fr\/cholera\/","og_site_name":"Dukoral Canada","article_modified_time":"2024-02-26T07:41:02+00:00","og_image":[{"url":"https:\/\/dukoralcanada.com\/wp-content\/uploads\/2024\/02\/image-2-fr.jpg","type":"","width":"","height":""}],"twitter_card":"summary_large_image","twitter_misc":{"Dur\u00e9e de lecture estim\u00e9e":"3 minutes"},"schema":{"@context":"https:\/\/schema.org","@graph":[{"@type":"WebPage","@id":"https:\/\/dukoralcanada.com\/fr\/cholera\/","url":"https:\/\/dukoralcanada.com\/fr\/cholera\/","name":"Chol\u00e9ra - Dukoral Canada","isPartOf":{"@id":"https:\/\/dukoralcanada.com\/fr\/#website"},"primaryImageOfPage":{"@id":"https:\/\/dukoralcanada.com\/fr\/cholera\/#primaryimage"},"image":{"@id":"https:\/\/dukoralcanada.com\/fr\/cholera\/#primaryimage"},"thumbnailUrl":"https:\/\/dukoralcanada.com\/wp-content\/uploads\/2024\/02\/image-2-fr.jpg","datePublished":"2024-01-20T09:55:52+00:00","dateModified":"2024-02-26T07:41:02+00:00","breadcrumb":{"@id":"https:\/\/dukoralcanada.com\/fr\/cholera\/#breadcrumb"},"inLanguage":"fr-FR","potentialAction":[{"@type":"ReadAction","target":["https:\/\/dukoralcanada.com\/fr\/cholera\/"]}]},{"@type":"ImageObject","inLanguage":"fr-FR","@id":"https:\/\/dukoralcanada.com\/fr\/cholera\/#primaryimage","url":"https:\/\/dukoralcanada.com\/wp-content\/uploads\/2024\/02\/image-2-fr.jpg","contentUrl":"https:\/\/dukoralcanada.com\/wp-content\/uploads\/2024\/02\/image-2-fr.jpg"},{"@type":"BreadcrumbList","@id":"https:\/\/dukoralcanada.com\/fr\/cholera\/#breadcrumb","itemListElement":[{"@type":"ListItem","position":1,"name":"Home","item":"https:\/\/dukoralcanada.com\/fr\/"},{"@type":"ListItem","position":2,"name":"Chol\u00e9ra"}]},{"@type":"WebSite","@id":"https:\/\/dukoralcanada.com\/fr\/#website","url":"https:\/\/dukoralcanada.com\/fr\/","name":"Dukoral Canada","description":"","publisher":{"@id":"https:\/\/dukoralcanada.com\/fr\/#organization"},"potentialAction":[{"@type":"SearchAction","target":{"@type":"EntryPoint","urlTemplate":"https:\/\/dukoralcanada.com\/fr\/?s={search_term_string}"},"query-input":{"@type":"PropertyValueSpecification","valueRequired":true,"valueName":"search_term_string"}}],"inLanguage":"fr-FR"},{"@type":"Organization","@id":"https:\/\/dukoralcanada.com\/fr\/#organization","name":"Dukoral Canada","url":"https:\/\/dukoralcanada.com\/fr\/","logo":{"@type":"ImageObject","inLanguage":"fr-FR","@id":"https:\/\/dukoralcanada.com\/fr\/#\/schema\/logo\/image\/","url":"https:\/\/dukoralcanada.com\/wp-content\/uploads\/2024\/01\/logo.png","contentUrl":"https:\/\/dukoralcanada.com\/wp-content\/uploads\/2024\/01\/logo.png","width":500,"height":118,"caption":"Dukoral Canada"},"image":{"@id":"https:\/\/dukoralcanada.com\/fr\/#\/schema\/logo\/image\/"}}]}},"_links":{"self":[{"href":"https:\/\/dukoralcanada.com\/fr\/wp-json\/wp\/v2\/pages\/1104","targetHints":{"allow":["GET"]}}],"collection":[{"href":"https:\/\/dukoralcanada.com\/fr\/wp-json\/wp\/v2\/pages"}],"about":[{"href":"https:\/\/dukoralcanada.com\/fr\/wp-json\/wp\/v2\/types\/page"}],"author":[{"embeddable":true,"href":"https:\/\/dukoralcanada.com\/fr\/wp-json\/wp\/v2\/users\/1"}],"replies":[{"embeddable":true,"href":"https:\/\/dukoralcanada.com\/fr\/wp-json\/wp\/v2\/comments?post=1104"}],"version-history":[{"count":40,"href":"https:\/\/dukoralcanada.com\/fr\/wp-json\/wp\/v2\/pages\/1104\/revisions"}],"predecessor-version":[{"id":1952,"href":"https:\/\/dukoralcanada.com\/fr\/wp-json\/wp\/v2\/pages\/1104\/revisions\/1952"}],"wp:attachment":[{"href":"https:\/\/dukoralcanada.com\/fr\/wp-json\/wp\/v2\/media?parent=1104"}],"curies":[{"name":"wp","href":"https:\/\/api.w.org\/{rel}","templated":true}]}}