{"id":1116,"date":"2024-01-19T11:18:35","date_gmt":"2024-01-19T11:18:35","guid":{"rendered":"https:\/\/dukoralcanada.com\/about-dukoral\/"},"modified":"2024-02-26T15:36:32","modified_gmt":"2024-02-26T15:36:32","slug":"a-propos-de-dukoral","status":"publish","type":"page","link":"https:\/\/dukoralcanada.com\/fr\/a-propos-de-dukoral\/","title":{"rendered":"\u00c0 propos de DUKORAL\u00ae"},"content":{"rendered":"\t\t<div data-elementor-type=\"wp-post\" data-elementor-id=\"1116\" class=\"elementor elementor-1116 elementor-8\">\n\t\t\t\t<div class=\"elementor-element elementor-element-6937f77 e-flex e-con-boxed e-con e-parent\" data-id=\"6937f77\" data-element_type=\"container\" data-settings=\"{&quot;background_background&quot;:&quot;classic&quot;}\">\n\t\t\t\t\t<div class=\"e-con-inner\">\n\t\t\t\t<div class=\"elementor-element elementor-element-a6aa491 elementor-widget elementor-widget-text-editor\" data-id=\"a6aa491\" data-element_type=\"widget\" data-widget_type=\"text-editor.default\">\n\t\t\t\t<div class=\"elementor-widget-container\">\n\t\t\t\t\t\t\t\t\t<strong>DUKORAL<sup>\u00ae<\/sup> FAIT PARTIE DU GUIDE CANADIEN D\u2019IMMUNISATION<\/strong><sup>23<\/sup>\t\t\t\t\t\t\t\t<\/div>\n\t\t\t\t<\/div>\n\t\t\t\t\t<\/div>\n\t\t\t\t<\/div>\n\t\t<div class=\"elementor-element elementor-element-b085299 e-flex e-con-boxed e-con e-parent\" data-id=\"b085299\" data-element_type=\"container\" data-settings=\"{&quot;background_background&quot;:&quot;classic&quot;}\">\n\t\t\t\t\t<div class=\"e-con-inner\">\n\t\t<div class=\"elementor-element elementor-element-1bf4ba9 e-con-full e-flex e-con e-child\" data-id=\"1bf4ba9\" data-element_type=\"container\">\n\t\t\t\t<div class=\"elementor-element elementor-element-5a5903e elementor-widget__width-inherit elementor-widget elementor-widget-heading\" data-id=\"5a5903e\" data-element_type=\"widget\" data-widget_type=\"heading.default\">\n\t\t\t\t<div class=\"elementor-widget-container\">\n\t\t\t\t\t<h3 class=\"elementor-heading-title elementor-size-default\">Chol\u00e9ra et diarrh\u00e9e \u00e0 ETEC-TL :<\/h3>\t\t\t\t<\/div>\n\t\t\t\t<\/div>\n\t\t\t\t<div class=\"elementor-element elementor-element-fe4d781 elementor-widget__width-initial elementor-widget elementor-widget-heading\" data-id=\"fe4d781\" data-element_type=\"widget\" data-widget_type=\"heading.default\">\n\t\t\t\t<div class=\"elementor-widget-container\">\n\t\t\t\t\t<h2 class=\"elementor-heading-title elementor-size-default\">SOYEZ PR\u00c9VOYANT \u2013 AIDEZ \u00c0 PR\u00c9VENIR ET \u00c0 PROT\u00c9GER AU MOYEN DE  DUKORAL<sup>\u00ae<\/sup><\/h2>\t\t\t\t<\/div>\n\t\t\t\t<\/div>\n\t\t\t\t<\/div>\n\t\t\t\t\t<\/div>\n\t\t\t\t<\/div>\n\t\t<div class=\"elementor-element elementor-element-1208119 e-flex e-con-boxed e-con e-parent\" data-id=\"1208119\" data-element_type=\"container\">\n\t\t\t\t\t<div class=\"e-con-inner\">\n\t\t\t\t<div class=\"elementor-element elementor-element-ccb2b15 elementor-widget elementor-widget-text-editor\" data-id=\"ccb2b15\" data-element_type=\"widget\" data-widget_type=\"text-editor.default\">\n\t\t\t\t<div class=\"elementor-widget-container\">\n\t\t\t\t\t\t\t\t\tDUKORAL<sup>\u00ae<\/sup> (vaccin oral inactiv\u00e9 contre le chol\u00e9ra et la diarrh\u00e9e \u00e0 ETEC\u2011TL) est indiqu\u00e9 comme traitement pr\u00e9ventif et protecteur du chol\u00e9ra et de la diarrh\u00e9e \u00e0 <em>Escherichia\u00a0coli<\/em> ent\u00e9rotoxinog\u00e8ne producteur de toxine thermolabile (ETEC\u2011TL) chez les adultes et les enfants \u00e2g\u00e9s de 2\u00a0ans et plus<sup>1<\/sup>. \t\t\t\t\t\t\t\t<\/div>\n\t\t\t\t<\/div>\n\t\t\t\t<div class=\"elementor-element elementor-element-409dc5f elementor-widget elementor-widget-text-editor\" data-id=\"409dc5f\" data-element_type=\"widget\" data-widget_type=\"text-editor.default\">\n\t\t\t\t<div class=\"elementor-widget-container\">\n\t\t\t\t\t\t\t\t\tPour pr\u00e9venir le chol\u00e9ra\u00a0: Le vaccin est recommand\u00e9 chez les adultes et les enfants \u00e2g\u00e9s de 2 ans et plus qui se rendent dans des r\u00e9gions o\u00f9 si\u00e8ge une \u00e9pid\u00e9mie ou dans lesquelles on anticipe une \u00e9pid\u00e9mie, ou qui passent un s\u00e9jour prolong\u00e9 dans des r\u00e9gions o\u00f9 il existe un risque de chol\u00e9ra<sup>1<\/sup>. \t\t\t\t\t\t\t\t<\/div>\n\t\t\t\t<\/div>\n\t\t\t\t<div class=\"elementor-element elementor-element-fe5a813 elementor-widget elementor-widget-text-editor\" data-id=\"fe5a813\" data-element_type=\"widget\" data-widget_type=\"text-editor.default\">\n\t\t\t\t<div class=\"elementor-widget-container\">\n\t\t\t\t\t\t\t\t\tPour pr\u00e9venir la diarrh\u00e9e \u00e0 ETEC producteur de TL\u00a0: Le vaccin est recommand\u00e9 chez les adultes et les enfants \u00e2g\u00e9s de 2\u00a0ans et plus qui se rendent dans des r\u00e9gions o\u00f9 il existe un risque de maladie diarrh\u00e9ique caus\u00e9e par ETEC producteur de TL<sup>1<\/sup>. \t\t\t\t\t\t\t\t<\/div>\n\t\t\t\t<\/div>\n\t\t\t\t\t<\/div>\n\t\t\t\t<\/div>\n\t\t<div class=\"elementor-element elementor-element-97ba2cc e-flex e-con-boxed e-con e-parent\" data-id=\"97ba2cc\" data-element_type=\"container\" data-settings=\"{&quot;background_background&quot;:&quot;classic&quot;}\">\n\t\t\t\t\t<div class=\"e-con-inner\">\n\t\t\t\t<div class=\"elementor-element elementor-element-16933fb elementor-widget__width-inherit elementor-widget elementor-widget-text-editor\" data-id=\"16933fb\" data-element_type=\"widget\" data-widget_type=\"text-editor.default\">\n\t\t\t\t<div class=\"elementor-widget-container\">\n\t\t\t\t\t\t\t\t\tDUKORAL<sup>\u00ae<\/sup> EST LE SEUL VACCIN INDIQU\u00c9 CONTRE LE CHOL\u00c9RA ET LA DIARRH\u00c9E \u00c0 ETEC\u2011TL<sup>1,24*<\/sup>\t\t\t\t\t\t\t\t<\/div>\n\t\t\t\t<\/div>\n\t\t\t\t\t<\/div>\n\t\t\t\t<\/div>\n\t\t<div class=\"elementor-element elementor-element-600f1aa e-flex e-con-boxed e-con e-parent\" data-id=\"600f1aa\" data-element_type=\"container\" data-settings=\"{&quot;background_background&quot;:&quot;classic&quot;}\">\n\t\t\t\t\t<div class=\"e-con-inner\">\n\t\t\t\t<div class=\"elementor-element elementor-element-e01a9c7 elementor-widget__width-inherit elementor-widget elementor-widget-text-editor\" data-id=\"e01a9c7\" data-element_type=\"widget\" data-widget_type=\"text-editor.default\">\n\t\t\t\t<div class=\"elementor-widget-container\">\n\t\t\t\t\t\t\t\t\t<strong><em>DUKORAL<sup>\u00ae<\/sup> est offert sans ordonnance derri\u00e8re le comptoir du pharmacien (en particulier, pour l\u2019indication de la diarrh\u00e9e \u00e0 ETEC-TL) dans toutes les provinces canadiennes, sauf le Qu\u00e9bec et la Saskatchewan<sup>\u2020<\/sup>.<\/em><\/strong> \t\t\t\t\t\t\t\t<\/div>\n\t\t\t\t<\/div>\n\t\t\t\t\t<\/div>\n\t\t\t\t<\/div>\n\t\t<div class=\"elementor-element elementor-element-2eaf521 e-flex e-con-boxed e-con e-parent\" data-id=\"2eaf521\" data-element_type=\"container\">\n\t\t\t\t\t<div class=\"e-con-inner\">\n\t\t<div class=\"elementor-element elementor-element-d41b754 e-con-full e-flex e-con e-child\" data-id=\"d41b754\" data-element_type=\"container\">\n\t\t\t\t<div class=\"elementor-element elementor-element-afdeba0 elementor-widget elementor-widget-image\" data-id=\"afdeba0\" data-element_type=\"widget\" data-widget_type=\"image.default\">\n\t\t\t\t<div class=\"elementor-widget-container\">\n\t\t\t\t\t\t\t\t\t\t\t\t\t\t\t\t<a href=\"https:\/\/dukoralcanada.com\/fr\/profils-defficacite-et-dinnocuite\/\">\n\t\t\t\t\t\t\t<img fetchpriority=\"high\" decoding=\"async\" width=\"521\" height=\"521\" src=\"https:\/\/dukoralcanada.com\/wp-content\/uploads\/2024\/02\/Efficacy.png\" class=\"attachment-full size-full wp-image-2010\" alt=\"\" srcset=\"https:\/\/dukoralcanada.com\/wp-content\/uploads\/2024\/02\/Efficacy.png 521w, https:\/\/dukoralcanada.com\/wp-content\/uploads\/2024\/02\/Efficacy-300x300.png 300w, https:\/\/dukoralcanada.com\/wp-content\/uploads\/2024\/02\/Efficacy-150x150.png 150w\" sizes=\"(max-width: 521px) 100vw, 521px\" \/>\t\t\t\t\t\t\t\t<\/a>\n\t\t\t\t\t\t\t\t\t\t\t\t\t\t\t<\/div>\n\t\t\t\t<\/div>\n\t\t\t\t<div class=\"elementor-element elementor-element-f729c74 elementor-widget elementor-widget-text-editor\" data-id=\"f729c74\" data-element_type=\"widget\" data-widget_type=\"text-editor.default\">\n\t\t\t\t<div class=\"elementor-widget-container\">\n\t\t\t\t\t\t\t\t\t<a style=\"color: #000;\" href=\"https:\/\/dukoralcanada.com\/fr\/profils-defficacite-et-dinnocuite\/\">Soyez au fait des profils d\u2019innocuit\u00e9 et d\u2019efficacit\u00e9 de DUKORAL<sup>\u00ae<\/sup><\/a>\t\t\t\t\t\t\t\t<\/div>\n\t\t\t\t<\/div>\n\t\t\t\t<\/div>\n\t\t<div class=\"elementor-element elementor-element-46227a4 e-con-full e-flex e-con e-child\" data-id=\"46227a4\" data-element_type=\"container\">\n\t\t\t\t<div class=\"elementor-element elementor-element-efab369 elementor-widget elementor-widget-image\" data-id=\"efab369\" data-element_type=\"widget\" data-widget_type=\"image.default\">\n\t\t\t\t<div class=\"elementor-widget-container\">\n\t\t\t\t\t\t\t\t\t\t\t\t\t\t\t\t<a href=\"https:\/\/dukoralcanada.com\/fr\/posologie-et-administration-de-dukoral\/\">\n\t\t\t\t\t\t\t<img decoding=\"async\" width=\"521\" height=\"521\" src=\"https:\/\/dukoralcanada.com\/wp-content\/uploads\/2024\/02\/Dosing.png\" class=\"attachment-full size-full wp-image-2014\" alt=\"\" srcset=\"https:\/\/dukoralcanada.com\/wp-content\/uploads\/2024\/02\/Dosing.png 521w, https:\/\/dukoralcanada.com\/wp-content\/uploads\/2024\/02\/Dosing-300x300.png 300w, https:\/\/dukoralcanada.com\/wp-content\/uploads\/2024\/02\/Dosing-150x150.png 150w\" sizes=\"(max-width: 521px) 100vw, 521px\" \/>\t\t\t\t\t\t\t\t<\/a>\n\t\t\t\t\t\t\t\t\t\t\t\t\t\t\t<\/div>\n\t\t\t\t<\/div>\n\t\t\t\t<div class=\"elementor-element elementor-element-872de94 elementor-widget elementor-widget-text-editor\" data-id=\"872de94\" data-element_type=\"widget\" data-widget_type=\"text-editor.default\">\n\t\t\t\t<div class=\"elementor-widget-container\">\n\t\t\t\t\t\t\t\t\t<a style=\"color: #000;\" href=\"https:\/\/dukoralcanada.com\/fr\/posologie-et-administration-de-dukoral\/\">Sachez quand recommander DUKORAL<sup>\u00ae<\/sup> \u00e0 vos patients<\/a>\n<div class=\"line_br\">(<b><u><a style=\"color: #000;\" href=\"https:\/\/dukoralcanada.com\/fr\/posologie-et-administration-de-dukoral\/\">posologie et administration<\/a><\/u><\/b>)<\/div>\t\t\t\t\t\t\t\t<\/div>\n\t\t\t\t<\/div>\n\t\t\t\t<\/div>\n\t\t<div class=\"elementor-element elementor-element-3d56b97 e-con-full e-flex e-con e-child\" data-id=\"3d56b97\" data-element_type=\"container\">\n\t\t\t\t<div class=\"elementor-element elementor-element-8bfe852 elementor-widget elementor-widget-image\" data-id=\"8bfe852\" data-element_type=\"widget\" data-widget_type=\"image.default\">\n\t\t\t\t<div class=\"elementor-widget-container\">\n\t\t\t\t\t\t\t\t\t\t\t\t\t\t\t\t<a href=\"https:\/\/dukoralcanada.com\/fr\/tenez-vos-patients-informes\/\">\n\t\t\t\t\t\t\t<img decoding=\"async\" width=\"521\" height=\"521\" src=\"https:\/\/dukoralcanada.com\/wp-content\/uploads\/2024\/02\/Resources.png\" class=\"attachment-full size-full wp-image-2016\" alt=\"\" srcset=\"https:\/\/dukoralcanada.com\/wp-content\/uploads\/2024\/02\/Resources.png 521w, https:\/\/dukoralcanada.com\/wp-content\/uploads\/2024\/02\/Resources-300x300.png 300w, https:\/\/dukoralcanada.com\/wp-content\/uploads\/2024\/02\/Resources-150x150.png 150w\" sizes=\"(max-width: 521px) 100vw, 521px\" \/>\t\t\t\t\t\t\t\t<\/a>\n\t\t\t\t\t\t\t\t\t\t\t\t\t\t\t<\/div>\n\t\t\t\t<\/div>\n\t\t\t\t<div class=\"elementor-element elementor-element-8e9c812 elementor-widget elementor-widget-text-editor\" data-id=\"8e9c812\" data-element_type=\"widget\" data-widget_type=\"text-editor.default\">\n\t\t\t\t<div class=\"elementor-widget-container\">\n\t\t\t\t\t\t\t\t\t<a style=\"color: #000;\" href=\"https:\/\/dukoralcanada.com\/fr\/tenez-vos-patients-informes\/\">Pr\u00e9parez vos patients \u00e0 l\u2019aide de ressources utiles<\/a>\t\t\t\t\t\t\t\t<\/div>\n\t\t\t\t<\/div>\n\t\t\t\t<\/div>\n\t\t\t\t\t<\/div>\n\t\t\t\t<\/div>\n\t\t<div class=\"elementor-element elementor-element-50eb4e9 e-flex e-con-boxed e-con e-parent\" data-id=\"50eb4e9\" data-element_type=\"container\">\n\t\t\t\t\t<div class=\"e-con-inner\">\n\t\t\t\t<div class=\"elementor-element elementor-element-34b4dab elementor-widget elementor-widget-heading\" data-id=\"34b4dab\" data-element_type=\"widget\" data-widget_type=\"heading.default\">\n\t\t\t\t<div class=\"elementor-widget-container\">\n\t\t\t\t\t<div class=\"elementor-heading-title elementor-size-default\">* La port\u00e9e clinique de cette comparaison est inconnue. <br>\n\u2020 La port\u00e9e clinique n\u2019a pas \u00e9t\u00e9 \u00e9tablie.<\/div>\t\t\t\t<\/div>\n\t\t\t\t<\/div>\n\t\t\t\t<div class=\"elementor-element elementor-element-673d4fe elementor-align-center animated-slow elementor-invisible elementor-widget elementor-widget-button\" data-id=\"673d4fe\" data-element_type=\"widget\" data-settings=\"{&quot;_animation&quot;:&quot;fadeInUp&quot;}\" data-widget_type=\"button.default\">\n\t\t\t\t<div class=\"elementor-widget-container\">\n\t\t\t\t\t\t\t\t\t<div class=\"elementor-button-wrapper\">\n\t\t\t\t\t<a class=\"elementor-button elementor-button-link elementor-size-lg\" href=\"https:\/\/dukoralcanada.com\/fr\/mode-daction\/\">\n\t\t\t\t\t\t<span class=\"elementor-button-content-wrapper\">\n\t\t\t\t\t\t\t\t\t<span class=\"elementor-button-text\">Apprenez-en plus sur DUKORAL<sup>\u00ae<\/sup><\/span>\n\t\t\t\t\t<\/span>\n\t\t\t\t\t<\/a>\n\t\t\t\t<\/div>\n\t\t\t\t\t\t\t\t<\/div>\n\t\t\t\t<\/div>\n\t\t\t\t\t<\/div>\n\t\t\t\t<\/div>\n\t\t\t\t<\/div>\n\t\t","protected":false},"excerpt":{"rendered":"<p>DUKORAL\u00ae FAIT PARTIE DU GUIDE CANADIEN D\u2019IMMUNISATION23 Chol\u00e9ra et diarrh\u00e9e \u00e0 ETEC-TL : SOYEZ PR\u00c9VOYANT \u2013 AIDEZ \u00c0 PR\u00c9VENIR ET \u00c0 PROT\u00c9GER AU MOYEN DE DUKORAL\u00ae DUKORAL\u00ae (vaccin oral inactiv\u00e9 contre le chol\u00e9ra et la diarrh\u00e9e \u00e0 ETEC\u2011TL) est indiqu\u00e9 comme traitement pr\u00e9ventif et protecteur du chol\u00e9ra et de la diarrh\u00e9e \u00e0 Escherichia\u00a0coli ent\u00e9rotoxinog\u00e8ne producteur [&hellip;]<\/p>\n","protected":false},"author":1,"featured_media":0,"parent":0,"menu_order":0,"comment_status":"closed","ping_status":"closed","template":"elementor_header_footer","meta":{"footnotes":""},"class_list":["post-1116","page","type-page","status-publish","hentry"],"yoast_head":"<!-- This site is optimized with the Yoast SEO plugin v26.8 - https:\/\/yoast.com\/product\/yoast-seo-wordpress\/ -->\n<title>\u00c0 propos de DUKORAL\u00ae - Dukoral Canada<\/title>\n<meta name=\"robots\" content=\"index, follow, max-snippet:-1, max-image-preview:large, max-video-preview:-1\" \/>\n<link rel=\"canonical\" href=\"https:\/\/dukoralcanada.com\/fr\/a-propos-de-dukoral\/\" \/>\n<meta property=\"og:locale\" content=\"fr_FR\" \/>\n<meta property=\"og:type\" content=\"article\" \/>\n<meta property=\"og:title\" content=\"\u00c0 propos de DUKORAL\u00ae - Dukoral Canada\" \/>\n<meta property=\"og:description\" content=\"DUKORAL\u00ae FAIT PARTIE DU GUIDE CANADIEN D\u2019IMMUNISATION23 Chol\u00e9ra et diarrh\u00e9e \u00e0 ETEC-TL : SOYEZ PR\u00c9VOYANT \u2013 AIDEZ \u00c0 PR\u00c9VENIR ET \u00c0 PROT\u00c9GER AU MOYEN DE DUKORAL\u00ae DUKORAL\u00ae (vaccin oral inactiv\u00e9 contre le chol\u00e9ra et la diarrh\u00e9e \u00e0 ETEC\u2011TL) est indiqu\u00e9 comme traitement pr\u00e9ventif et protecteur du chol\u00e9ra et de la diarrh\u00e9e \u00e0 Escherichia\u00a0coli ent\u00e9rotoxinog\u00e8ne producteur [&hellip;]\" \/>\n<meta property=\"og:url\" content=\"https:\/\/dukoralcanada.com\/fr\/a-propos-de-dukoral\/\" \/>\n<meta property=\"og:site_name\" content=\"Dukoral Canada\" \/>\n<meta property=\"article:modified_time\" content=\"2024-02-26T15:36:32+00:00\" \/>\n<meta property=\"og:image\" content=\"https:\/\/dukoralcanada.com\/wp-content\/uploads\/2024\/02\/Efficacy.png\" \/>\n<meta name=\"twitter:card\" content=\"summary_large_image\" \/>\n<meta name=\"twitter:label1\" content=\"Dur\u00e9e de lecture estim\u00e9e\" \/>\n\t<meta name=\"twitter:data1\" content=\"1 minute\" \/>\n<script type=\"application\/ld+json\" class=\"yoast-schema-graph\">{\"@context\":\"https:\/\/schema.org\",\"@graph\":[{\"@type\":\"WebPage\",\"@id\":\"https:\/\/dukoralcanada.com\/fr\/a-propos-de-dukoral\/\",\"url\":\"https:\/\/dukoralcanada.com\/fr\/a-propos-de-dukoral\/\",\"name\":\"\u00c0 propos de DUKORAL\u00ae - Dukoral Canada\",\"isPartOf\":{\"@id\":\"https:\/\/dukoralcanada.com\/fr\/#website\"},\"primaryImageOfPage\":{\"@id\":\"https:\/\/dukoralcanada.com\/fr\/a-propos-de-dukoral\/#primaryimage\"},\"image\":{\"@id\":\"https:\/\/dukoralcanada.com\/fr\/a-propos-de-dukoral\/#primaryimage\"},\"thumbnailUrl\":\"https:\/\/dukoralcanada.com\/wp-content\/uploads\/2024\/02\/Efficacy.png\",\"datePublished\":\"2024-01-19T11:18:35+00:00\",\"dateModified\":\"2024-02-26T15:36:32+00:00\",\"breadcrumb\":{\"@id\":\"https:\/\/dukoralcanada.com\/fr\/a-propos-de-dukoral\/#breadcrumb\"},\"inLanguage\":\"fr-FR\",\"potentialAction\":[{\"@type\":\"ReadAction\",\"target\":[\"https:\/\/dukoralcanada.com\/fr\/a-propos-de-dukoral\/\"]}]},{\"@type\":\"ImageObject\",\"inLanguage\":\"fr-FR\",\"@id\":\"https:\/\/dukoralcanada.com\/fr\/a-propos-de-dukoral\/#primaryimage\",\"url\":\"https:\/\/dukoralcanada.com\/wp-content\/uploads\/2024\/02\/Efficacy.png\",\"contentUrl\":\"https:\/\/dukoralcanada.com\/wp-content\/uploads\/2024\/02\/Efficacy.png\"},{\"@type\":\"BreadcrumbList\",\"@id\":\"https:\/\/dukoralcanada.com\/fr\/a-propos-de-dukoral\/#breadcrumb\",\"itemListElement\":[{\"@type\":\"ListItem\",\"position\":1,\"name\":\"Home\",\"item\":\"https:\/\/dukoralcanada.com\/fr\/\"},{\"@type\":\"ListItem\",\"position\":2,\"name\":\"\u00c0 propos de DUKORAL\u00ae\"}]},{\"@type\":\"WebSite\",\"@id\":\"https:\/\/dukoralcanada.com\/fr\/#website\",\"url\":\"https:\/\/dukoralcanada.com\/fr\/\",\"name\":\"Dukoral Canada\",\"description\":\"\",\"publisher\":{\"@id\":\"https:\/\/dukoralcanada.com\/fr\/#organization\"},\"potentialAction\":[{\"@type\":\"SearchAction\",\"target\":{\"@type\":\"EntryPoint\",\"urlTemplate\":\"https:\/\/dukoralcanada.com\/fr\/?s={search_term_string}\"},\"query-input\":{\"@type\":\"PropertyValueSpecification\",\"valueRequired\":true,\"valueName\":\"search_term_string\"}}],\"inLanguage\":\"fr-FR\"},{\"@type\":\"Organization\",\"@id\":\"https:\/\/dukoralcanada.com\/fr\/#organization\",\"name\":\"Dukoral Canada\",\"url\":\"https:\/\/dukoralcanada.com\/fr\/\",\"logo\":{\"@type\":\"ImageObject\",\"inLanguage\":\"fr-FR\",\"@id\":\"https:\/\/dukoralcanada.com\/fr\/#\/schema\/logo\/image\/\",\"url\":\"https:\/\/dukoralcanada.com\/wp-content\/uploads\/2024\/01\/logo.png\",\"contentUrl\":\"https:\/\/dukoralcanada.com\/wp-content\/uploads\/2024\/01\/logo.png\",\"width\":500,\"height\":118,\"caption\":\"Dukoral Canada\"},\"image\":{\"@id\":\"https:\/\/dukoralcanada.com\/fr\/#\/schema\/logo\/image\/\"}}]}<\/script>\n<!-- \/ Yoast SEO plugin. -->","yoast_head_json":{"title":"\u00c0 propos de DUKORAL\u00ae - Dukoral Canada","robots":{"index":"index","follow":"follow","max-snippet":"max-snippet:-1","max-image-preview":"max-image-preview:large","max-video-preview":"max-video-preview:-1"},"canonical":"https:\/\/dukoralcanada.com\/fr\/a-propos-de-dukoral\/","og_locale":"fr_FR","og_type":"article","og_title":"\u00c0 propos de DUKORAL\u00ae - Dukoral Canada","og_description":"DUKORAL\u00ae FAIT PARTIE DU GUIDE CANADIEN D\u2019IMMUNISATION23 Chol\u00e9ra et diarrh\u00e9e \u00e0 ETEC-TL : SOYEZ PR\u00c9VOYANT \u2013 AIDEZ \u00c0 PR\u00c9VENIR ET \u00c0 PROT\u00c9GER AU MOYEN DE DUKORAL\u00ae DUKORAL\u00ae (vaccin oral inactiv\u00e9 contre le chol\u00e9ra et la diarrh\u00e9e \u00e0 ETEC\u2011TL) est indiqu\u00e9 comme traitement pr\u00e9ventif et protecteur du chol\u00e9ra et de la diarrh\u00e9e \u00e0 Escherichia\u00a0coli ent\u00e9rotoxinog\u00e8ne producteur [&hellip;]","og_url":"https:\/\/dukoralcanada.com\/fr\/a-propos-de-dukoral\/","og_site_name":"Dukoral Canada","article_modified_time":"2024-02-26T15:36:32+00:00","og_image":[{"url":"https:\/\/dukoralcanada.com\/wp-content\/uploads\/2024\/02\/Efficacy.png","type":"","width":"","height":""}],"twitter_card":"summary_large_image","twitter_misc":{"Dur\u00e9e de lecture estim\u00e9e":"1 minute"},"schema":{"@context":"https:\/\/schema.org","@graph":[{"@type":"WebPage","@id":"https:\/\/dukoralcanada.com\/fr\/a-propos-de-dukoral\/","url":"https:\/\/dukoralcanada.com\/fr\/a-propos-de-dukoral\/","name":"\u00c0 propos de DUKORAL\u00ae - Dukoral Canada","isPartOf":{"@id":"https:\/\/dukoralcanada.com\/fr\/#website"},"primaryImageOfPage":{"@id":"https:\/\/dukoralcanada.com\/fr\/a-propos-de-dukoral\/#primaryimage"},"image":{"@id":"https:\/\/dukoralcanada.com\/fr\/a-propos-de-dukoral\/#primaryimage"},"thumbnailUrl":"https:\/\/dukoralcanada.com\/wp-content\/uploads\/2024\/02\/Efficacy.png","datePublished":"2024-01-19T11:18:35+00:00","dateModified":"2024-02-26T15:36:32+00:00","breadcrumb":{"@id":"https:\/\/dukoralcanada.com\/fr\/a-propos-de-dukoral\/#breadcrumb"},"inLanguage":"fr-FR","potentialAction":[{"@type":"ReadAction","target":["https:\/\/dukoralcanada.com\/fr\/a-propos-de-dukoral\/"]}]},{"@type":"ImageObject","inLanguage":"fr-FR","@id":"https:\/\/dukoralcanada.com\/fr\/a-propos-de-dukoral\/#primaryimage","url":"https:\/\/dukoralcanada.com\/wp-content\/uploads\/2024\/02\/Efficacy.png","contentUrl":"https:\/\/dukoralcanada.com\/wp-content\/uploads\/2024\/02\/Efficacy.png"},{"@type":"BreadcrumbList","@id":"https:\/\/dukoralcanada.com\/fr\/a-propos-de-dukoral\/#breadcrumb","itemListElement":[{"@type":"ListItem","position":1,"name":"Home","item":"https:\/\/dukoralcanada.com\/fr\/"},{"@type":"ListItem","position":2,"name":"\u00c0 propos de DUKORAL\u00ae"}]},{"@type":"WebSite","@id":"https:\/\/dukoralcanada.com\/fr\/#website","url":"https:\/\/dukoralcanada.com\/fr\/","name":"Dukoral Canada","description":"","publisher":{"@id":"https:\/\/dukoralcanada.com\/fr\/#organization"},"potentialAction":[{"@type":"SearchAction","target":{"@type":"EntryPoint","urlTemplate":"https:\/\/dukoralcanada.com\/fr\/?s={search_term_string}"},"query-input":{"@type":"PropertyValueSpecification","valueRequired":true,"valueName":"search_term_string"}}],"inLanguage":"fr-FR"},{"@type":"Organization","@id":"https:\/\/dukoralcanada.com\/fr\/#organization","name":"Dukoral Canada","url":"https:\/\/dukoralcanada.com\/fr\/","logo":{"@type":"ImageObject","inLanguage":"fr-FR","@id":"https:\/\/dukoralcanada.com\/fr\/#\/schema\/logo\/image\/","url":"https:\/\/dukoralcanada.com\/wp-content\/uploads\/2024\/01\/logo.png","contentUrl":"https:\/\/dukoralcanada.com\/wp-content\/uploads\/2024\/01\/logo.png","width":500,"height":118,"caption":"Dukoral Canada"},"image":{"@id":"https:\/\/dukoralcanada.com\/fr\/#\/schema\/logo\/image\/"}}]}},"_links":{"self":[{"href":"https:\/\/dukoralcanada.com\/fr\/wp-json\/wp\/v2\/pages\/1116","targetHints":{"allow":["GET"]}}],"collection":[{"href":"https:\/\/dukoralcanada.com\/fr\/wp-json\/wp\/v2\/pages"}],"about":[{"href":"https:\/\/dukoralcanada.com\/fr\/wp-json\/wp\/v2\/types\/page"}],"author":[{"embeddable":true,"href":"https:\/\/dukoralcanada.com\/fr\/wp-json\/wp\/v2\/users\/1"}],"replies":[{"embeddable":true,"href":"https:\/\/dukoralcanada.com\/fr\/wp-json\/wp\/v2\/comments?post=1116"}],"version-history":[{"count":28,"href":"https:\/\/dukoralcanada.com\/fr\/wp-json\/wp\/v2\/pages\/1116\/revisions"}],"predecessor-version":[{"id":2082,"href":"https:\/\/dukoralcanada.com\/fr\/wp-json\/wp\/v2\/pages\/1116\/revisions\/2082"}],"wp:attachment":[{"href":"https:\/\/dukoralcanada.com\/fr\/wp-json\/wp\/v2\/media?parent=1116"}],"curies":[{"name":"wp","href":"https:\/\/api.w.org\/{rel}","templated":true}]}}