{"id":1217,"date":"2024-01-24T12:11:51","date_gmt":"2024-01-24T12:11:51","guid":{"rendered":"https:\/\/dukoralcanada.com\/keep-your-patients-informed\/"},"modified":"2024-02-26T11:21:18","modified_gmt":"2024-02-26T11:21:18","slug":"tenez-vos-patients-informes","status":"publish","type":"page","link":"https:\/\/dukoralcanada.com\/fr\/tenez-vos-patients-informes\/","title":{"rendered":"Tenez vos patients inform\u00e9s"},"content":{"rendered":"\t\t<div data-elementor-type=\"wp-page\" data-elementor-id=\"1217\" class=\"elementor elementor-1217 elementor-353\">\n\t\t\t\t<div class=\"elementor-element elementor-element-fb75871 e-flex e-con-boxed e-con e-parent\" data-id=\"fb75871\" data-element_type=\"container\" data-settings=\"{&quot;background_background&quot;:&quot;classic&quot;}\">\n\t\t\t\t\t<div class=\"e-con-inner\">\n\t\t<div class=\"elementor-element elementor-element-5c637ac e-con-full e-flex e-con e-child\" data-id=\"5c637ac\" data-element_type=\"container\">\n\t\t\t\t<div class=\"elementor-element elementor-element-1b13abe elementor-widget__width-initial elementor-widget-mobile__width-inherit elementor-widget elementor-widget-heading\" data-id=\"1b13abe\" data-element_type=\"widget\" data-widget_type=\"heading.default\">\n\t\t\t\t<div class=\"elementor-widget-container\">\n\t\t\t\t\t<h2 class=\"elementor-heading-title elementor-size-default\">INFORMEZ VOS PATIENTS AU SUJET DE DUKORAL<sup>\u00ae<\/sup> AVANT QU\u2019ILS PARTENT EN VOYAGE.<\/h2>\t\t\t\t<\/div>\n\t\t\t\t<\/div>\n\t\t\t\t<\/div>\n\t\t\t\t\t<\/div>\n\t\t\t\t<\/div>\n\t\t<div class=\"elementor-element elementor-element-114c70e e-flex e-con-boxed e-con e-parent\" data-id=\"114c70e\" data-element_type=\"container\">\n\t\t\t\t\t<div class=\"e-con-inner\">\n\t\t<div class=\"elementor-element elementor-element-46f4238 e-flex e-con-boxed e-con e-child\" data-id=\"46f4238\" data-element_type=\"container\">\n\t\t\t\t\t<div class=\"e-con-inner\">\n\t\t\t\t<div class=\"elementor-element elementor-element-025f6a1 elementor-widget elementor-widget-text-editor\" data-id=\"025f6a1\" data-element_type=\"widget\" data-widget_type=\"text-editor.default\">\n\t\t\t\t<div class=\"elementor-widget-container\">\n\t\t\t\t\t\t\t\t\tDUKORAL<sup>\u00ae<\/sup> est offert sans ordonnance derri\u00e8re le comptoir du pharmacien (en particulier, pour l\u2019indication de la diarrh\u00e9e \u00e0 ETEC-TL) dans toutes les provinces canadiennes, sauf le Qu\u00e9bec et la Saskatchewan*.\t\t\t\t\t\t\t\t<\/div>\n\t\t\t\t<\/div>\n\t\t\t\t<div class=\"elementor-element elementor-element-0b4ecbb elementor-widget elementor-widget-text-editor\" data-id=\"0b4ecbb\" data-element_type=\"widget\" data-widget_type=\"text-editor.default\">\n\t\t\t\t<div class=\"elementor-widget-container\">\n\t\t\t\t\t\t\t\t\t<strong>N\u2019oubliez pas DUKORAL<sup>\u00ae<\/sup>, surtout en p\u00e9riode de pointe pour les voyageurs canadiens.<\/strong>\t\t\t\t\t\t\t\t<\/div>\n\t\t\t\t<\/div>\n\t\t<div class=\"elementor-element elementor-element-9b5b822 e-con-full e-flex e-con e-child\" data-id=\"9b5b822\" data-element_type=\"container\" data-settings=\"{&quot;background_background&quot;:&quot;classic&quot;}\">\n\t\t\t\t<div class=\"elementor-element elementor-element-5a6450f elementor-widget__width-initial elementor-widget-mobile__width-inherit elementor-widget elementor-widget-text-editor\" data-id=\"5a6450f\" data-element_type=\"widget\" data-widget_type=\"text-editor.default\">\n\t\t\t\t<div class=\"elementor-widget-container\">\n\t\t\t\t\t\t\t\t\tVos conseils de sant\u00e9-voyage et DUKORAL<sup>\u00ae<\/sup> peuvent aider vos patients partant \u00e0 l\u2019\u00e9tranger \u00e0 pr\u00e9venir le chol\u00e9ra et la diarrh\u00e9e \u00e0 ETEC-TL et \u00e0 s\u2019en prot\u00e9ger pendant leur voyage.\t\t\t\t\t\t\t\t<\/div>\n\t\t\t\t<\/div>\n\t\t\t\t<div class=\"elementor-element elementor-element-5ce02d6 elementor-align-left elementor-invisible elementor-widget elementor-widget-button\" data-id=\"5ce02d6\" data-element_type=\"widget\" data-settings=\"{&quot;_animation&quot;:&quot;fadeInUp&quot;}\" data-widget_type=\"button.default\">\n\t\t\t\t<div class=\"elementor-widget-container\">\n\t\t\t\t\t\t\t\t\t<div class=\"elementor-button-wrapper\">\n\t\t\t\t\t<a class=\"elementor-button elementor-button-link elementor-size-lg\" href=\"https:\/\/dukoralcanada.com\/fr\/restez-connecte\/\">\n\t\t\t\t\t\t<span class=\"elementor-button-content-wrapper\">\n\t\t\t\t\t\t\t\t\t<span class=\"elementor-button-text\">Restez connect\u00e9<\/span>\n\t\t\t\t\t<\/span>\n\t\t\t\t\t<\/a>\n\t\t\t\t<\/div>\n\t\t\t\t\t\t\t\t<\/div>\n\t\t\t\t<\/div>\n\t\t\t\t<\/div>\n\t\t\t\t<div class=\"elementor-element elementor-element-fd1559a elementor-widget elementor-widget-text-editor\" data-id=\"fd1559a\" data-element_type=\"widget\" data-widget_type=\"text-editor.default\">\n\t\t\t\t<div class=\"elementor-widget-container\">\n\t\t\t\t\t\t\t\t\t* La port\u00e9e clinique n\u2019a pas \u00e9t\u00e9 \u00e9tablie.\t\t\t\t\t\t\t\t<\/div>\n\t\t\t\t<\/div>\n\t\t\t\t\t<\/div>\n\t\t\t\t<\/div>\n\t\t\t\t\t<\/div>\n\t\t\t\t<\/div>\n\t\t<div class=\"elementor-element elementor-element-00a5133 e-flex e-con-boxed e-con e-parent\" data-id=\"00a5133\" data-element_type=\"container\" id=\"references\">\n\t\t\t\t\t<div class=\"e-con-inner\">\n\t\t<div class=\"elementor-element elementor-element-ed7f46a e-flex e-con-boxed e-con e-child\" data-id=\"ed7f46a\" data-element_type=\"container\">\n\t\t\t\t\t<div class=\"e-con-inner\">\n\t\t\t\t<div class=\"elementor-element elementor-element-837c0c5 elementor-widget elementor-widget-text-editor\" data-id=\"837c0c5\" data-element_type=\"widget\" data-widget_type=\"text-editor.default\">\n\t\t\t\t<div class=\"elementor-widget-container\">\n\t\t\t\t\t\t\t\t\t<strong>R\u00e9f\u00e9rences :<\/strong>\t\t\t\t\t\t\t\t<\/div>\n\t\t\t\t<\/div>\n\t\t\t\t<div class=\"elementor-element elementor-element-7cc7a1d elementor-widget elementor-widget-text-editor\" data-id=\"7cc7a1d\" data-element_type=\"widget\" data-widget_type=\"text-editor.default\">\n\t\t\t\t<div class=\"elementor-widget-container\">\n\t\t\t\t\t\t\t\t\t<ol class=\"ref_list\">\n \t<li><b>1. <\/b>Monographie de DUKORAL<sup>\u00ae<\/sup>. 26\u00a0juin 2023.<\/li>\n \t<li><b>2. <\/b>Fondation canadienne de la sant\u00e9 digestive. Dukoral \u2013 Avis sur les produits certifi\u00e9s FCSD. 21\u00a0ao\u00fbt 2023. Disponible au\u00a0: <a href=\"https:\/\/cdhf.ca\/fr\/dukoral-cdhf-certified-product\/\">https:\/\/cdhf.ca\/fr\/dukoral-cdhf-certified-product\/<\/a>. Consult\u00e9 le 24\u00a0ao\u00fbt 2023.<\/li>\n \t<li><b>3. <\/b>Center for Disease Control and Prevention. Enterotoxigenic <em>E. coli<\/em> (ETEC). 1<sup>er<\/sup>\u00a0d\u00e9cembre 2014. Disponible au\u00a0: <a href=\"https:\/\/www.cdc.gov\/ecoli\/etec.html\">https:\/\/www.cdc.gov\/ecoli\/etec.html<\/a>. Consult\u00e9 le 24\u00a0ao\u00fbt 2023.<\/li>\n \t<li><b>4. <\/b>Centers for Disease Control and Prevention. Traveler\u2019s Diarrhea. CDC Yellow Book 2024. <span style=\"display: inline-block;\">1<sup>er<\/sup>mai 2023.<\/span> Disponible au\u00a0: <a href=\"https:\/\/wwwnc.cdc.gov\/travel\/yellowbook\/2024\/preparing\/travelers-diarrhea\">https:\/\/wwwnc.cdc.gov\/travel\/yellowbook\/2024\/preparing\/travelers-diarrhea<\/a>. Consult\u00e9 le 24\u00a0ao\u00fbt 2023.<\/li>\n \t<li><b>5. <\/b>Mueller M, <em>et al.<\/em> <em>Escherichia coli <\/em>infection. <em>StatPearls<\/em>. 13\u00a0juillet 2023.<\/li>\n \t<li><b>6. <\/b>Isidean SD, <em>et al<\/em>. A systematic review of ETEC epidemiology focusing on colonization factor and toxin expression. <em>Vaccine<\/em> 2011; 29:6167\u201378.<\/li>\n \t<li><span style=\"display: inline-block;\"><b>7. <\/b>Organisation mondiale de la Sant\u00e9.<\/span> Enterotoxigenic <em>Escherichia coli<\/em> (ETEC). 30 avril 2022. Disponible au\u00a0: <a href=\"https:\/\/www.who.int\/teams\/immunization-vaccines-and-biologicals\/diseases\/enterotoxigenic-escherichia-coli-(etec)\">https:\/\/www.who.int\/teams\/immunization-vaccines-and-biologicals\/diseases\/enterotoxigenic-escherichia-coli-(etec)<\/a>. Consult\u00e9 le 24 ao\u00fbt 2023.<\/li>\n \t<li><b>8. <\/b>Center for Immunization Research. ETEC (Enterotoxigenic <em>Escherichia coli<\/em>). Disponible au\u00a0: <a href=\"https:\/\/centerforimmunizationresearch.org\/research_items\/etec\/\">https:\/\/centerforimmunizationresearch.org\/research_items\/etec\/<\/a>. Consult\u00e9 le 24\u00a0ao\u00fbt 2023.<\/li>\n \t<li><b>9. <\/b>Steffen R. Epidemiology of travellers&rsquo; diarrhea. <em>J\u00a0Travel Med<\/em>. 2017;24(suppl_1):S2\u2013S5.<\/li>\n \t<li><b>10. <\/b>Shah N, <em>et al.<\/em> Global etiology of traveler\u2019s diarrhea: Systematic Review from 1973 to the present. <em>Am J Trop Med Hyg <\/em>2009; 80(4):609\u2013614.<\/li>\n \t<li><b>11. <\/b>Organisation mondiale de la Sant\u00e9. WHO preferred product characteristics for vaccines against enterotoxigenic <em>Escherichia coli<\/em>. 31\u00a0mai 2021. Disponible au\u00a0: <a href=\"https:\/\/www.who.int\/publications\/i\/item\/who-preferred-product-characteristics-for-vaccines-against-enterotoxigenic-escherichia-coli\">https:\/\/www.who.int\/publications\/i\/item\/who-preferred-product-characteristics-for-vaccines-against-enterotoxigenic-escherichia-coli<\/a>. Consult\u00e9 le 24\u00a0ao\u00fbt 2023.<\/li>\n \t<li><b>12. <\/b>Henrique C, <em>et al.<\/em> Heat-Labile Toxin from Enterotoxigenic <em>Escherichia coli<\/em> Causes Systemic Impairment in Zebrafish Model. <em>Toxins<\/em> 2021;13:419.<\/li>\n \t<li><b>13. <\/b>Khalil I, Walker R, Porter C, <em>et al<\/em>.\u00a0Enterotoxigenic <em>Escherichia coli<\/em> (ETEC) vaccines: Priority activities to enable product development, licensure, and global access. <em>Vaccine <\/em>2021; Jul 13; 39(31):4266\u20134277.<\/li>\n \t<li><b>14. <\/b>Center for Disease Control and Prevention. Food and Drink Considerations When Traveling. 13\u00a0juillet 2023. Disponible au\u00a0: <a href=\"https:\/\/wwwnc.cdc.gov\/travel\/page\/food-water-safety\">https:\/\/wwwnc.cdc.gov\/travel\/page\/food-water-safety<\/a>. Consult\u00e9 le 24 ao\u00fbt 2023.<\/li>\n \t<li><b>15. <\/b>Kozicki, M., Steffen, R., &amp;amp; Sch\u00e4r, M. (1985). \u201cBoil it, cook it, peel it or forget it\u201d: does this rule prevent travellers\u2019 diarrhoea? <em>Int J Epidemiol<\/em>, 14(1), 169\u2013172. <a href=\"https:\/\/doi.org\/10.1093\/ije\/14.1.169\">https:\/\/doi.org\/10.1093\/ije\/14.1.169<\/a><\/li>\n \t<li><b>16. <\/b>Mohammad A, <em>et al<\/em>. The global burden of cholera.\u00a0<em>Bulletin of the World Health Organization <\/em>2012; 90(\u200e3)\u200e:209\u2013218A.<\/li>\n \t<li><b>17. <\/b>Organisation mondiale de la Sant\u00e9. Principaux faits. 30\u00a0mars 2022. Disponible au\u00a0: <a href=\"https:\/\/www.who.int\/fr\/news-room\/fact-sheets\/detail\/cholera\">https:\/\/www.who.int\/fr\/news-room\/fact-sheets\/detail\/cholera<\/a>. Consult\u00e9 le 24 ao\u00fbt 2023.<\/li>\n \t<li><b>18. <\/b>Hsiao A, <em>et al<\/em>. Lessons learnt from 12 oral cholera vaccine campaigns in resource-poor settings. <em>Bulletin of the World Health Organization <\/em>2017;95:303\u2013312.<\/li>\n \t<li><b>19. <\/b>Center for Disease Control and Prevention. Cholera\u2013General Information. 7\u00a0ao\u00fbt 2023. Disponible au\u00a0: <a href=\"https:\/\/www.cdc.gov\/cholera\/general\/index.html#:~:text=Cholera%20is%20most%20likely%20to,been%20a%20source%20of%20infection\">https:\/\/www.cdc.gov\/cholera\/general\/index.html#:~:text=Cholera%20is%20most%20likely%20to,been%20a%20source%20of%20infection<\/a>. Consult\u00e9 le 24\u00a0ao\u00fbt 2023.<\/li>\n \t<li><span style=\"display: inline-block;\"><b>20. <\/b>Organisation mondiale de la Sant\u00e9.<\/span> Relev\u00e9 \u00e9pid\u00e9miologique hebdomadaire\u2013Chol\u00e9ra 2022. Disponible au\u00a0: <a href=\"https:\/\/iris.who.int\/bitstream\/handle\/10665\/372986\/WER9838-eng-fre.pdf?sequence=1&amp;isAllowed=y\">https:\/\/iris.who.int\/bitstream\/handle\/10665\/372986\/WER9838-eng-fre.pdf?sequence=1&amp;isAllowed=y<\/a>. Consult\u00e9 le 24\u00a0octobre 2023.<\/li>\n \t<li><b>21. <\/b>Organisation mondiale de la Sant\u00e9. Multi-country outbreak of cholera. Disponible au\u00a0: <a href=\"https:\/\/www.who.int\/publications\/m\/item\/multi-country-outbreak-of-cholera--external-situation-report--7---5-october-2023\">https:\/\/www.who.int\/publications\/m\/item\/multi-country-outbreak-of-cholera&#8211;external-situation-report&#8211;7&#8212;5-october-2023<\/a>. Consult\u00e9 le 24 octobre 2023.<\/li>\n \t<li><b>22. <\/b>Center for Disease Control and Prevention. 10\u00a0ao\u00fbt 2023. Disponible au\u00a0: <a href=\"https:\/\/wwwnc.cdc.gov\/travel\/diseases\/cholera\">https:\/\/wwwnc.cdc.gov\/travel\/diseases\/cholera<\/a>. Consult\u00e9 le 24 ao\u00fbt 2023.<\/li>\n \t<li><b>23. <\/b>Gouvernement du Canada. Vaccin contre le chol\u00e9ra et la diarrh\u00e9e du voyageur due \u00e0 <em>Escherichia\u00a0coli<\/em> ent\u00e9rotoxinog\u00e8ne (ECET)\u00a0: Guide canadien d&rsquo;immunisation. 8 septembre 2023. Disponible au\u00a0: <a href=\"https:\/\/www.canada.ca\/fr\/sante-publique\/services\/publications\/vie-saine\/guide-canadien-immunisation-partie-4-agents-immunisation-active\/page-3-vaccin-contre-cholera-diarrhee-voyageur-escherichia-coli-enterotoxinogene.html\">https:\/\/www.canada.ca\/fr\/sante-publique\/services\/publications\/vie-saine\/guide-canadien-immunisation-partie-4-agents-immunisation-active\/page-3-vaccin-contre-cholera-diarrhee-voyageur-escherichia-coli-enterotoxinogene.html<\/a>. Consult\u00e9 le 19\u00a0septembre 2023.<\/li>\n \t<li><b>24. <\/b>Donn\u00e9es internes de DUKORAL<sup>\u00ae<\/sup>. 2023.<\/li>\n<\/ol>\t\t\t\t\t\t\t\t<\/div>\n\t\t\t\t<\/div>\n\t\t\t\t\t<\/div>\n\t\t\t\t<\/div>\n\t\t\t\t\t<\/div>\n\t\t\t\t<\/div>\n\t\t\t\t<\/div>\n\t\t","protected":false},"excerpt":{"rendered":"<p>INFORMEZ VOS PATIENTS AU SUJET DE DUKORAL\u00ae AVANT QU\u2019ILS PARTENT EN VOYAGE. DUKORAL\u00ae est offert sans ordonnance derri\u00e8re le comptoir du pharmacien (en particulier, pour l\u2019indication de la diarrh\u00e9e \u00e0 ETEC-TL) dans toutes les provinces canadiennes, sauf le Qu\u00e9bec et la Saskatchewan*.N\u2019oubliez pas DUKORAL\u00ae, surtout en p\u00e9riode de pointe pour les voyageurs canadiens.Vos conseils de [&hellip;]<\/p>\n","protected":false},"author":1,"featured_media":0,"parent":0,"menu_order":0,"comment_status":"closed","ping_status":"closed","template":"elementor_header_footer","meta":{"footnotes":""},"class_list":["post-1217","page","type-page","status-publish","hentry"],"yoast_head":"<!-- This site is optimized with the Yoast SEO plugin v26.8 - https:\/\/yoast.com\/product\/yoast-seo-wordpress\/ -->\n<title>Tenez vos patients inform\u00e9s - Dukoral Canada<\/title>\n<meta name=\"robots\" content=\"index, follow, max-snippet:-1, max-image-preview:large, max-video-preview:-1\" \/>\n<link rel=\"canonical\" href=\"https:\/\/dukoralcanada.com\/fr\/tenez-vos-patients-informes\/\" \/>\n<meta property=\"og:locale\" content=\"fr_FR\" \/>\n<meta property=\"og:type\" content=\"article\" \/>\n<meta property=\"og:title\" content=\"Tenez vos patients inform\u00e9s - Dukoral Canada\" \/>\n<meta property=\"og:description\" content=\"INFORMEZ VOS PATIENTS AU SUJET DE DUKORAL\u00ae AVANT QU\u2019ILS PARTENT EN VOYAGE. DUKORAL\u00ae est offert sans ordonnance derri\u00e8re le comptoir du pharmacien (en particulier, pour l\u2019indication de la diarrh\u00e9e \u00e0 ETEC-TL) dans toutes les provinces canadiennes, sauf le Qu\u00e9bec et la Saskatchewan*.N\u2019oubliez pas DUKORAL\u00ae, surtout en p\u00e9riode de pointe pour les voyageurs canadiens.Vos conseils de [&hellip;]\" \/>\n<meta property=\"og:url\" content=\"https:\/\/dukoralcanada.com\/fr\/tenez-vos-patients-informes\/\" \/>\n<meta property=\"og:site_name\" content=\"Dukoral Canada\" \/>\n<meta property=\"article:modified_time\" content=\"2024-02-26T11:21:18+00:00\" \/>\n<meta name=\"twitter:card\" content=\"summary_large_image\" \/>\n<meta name=\"twitter:label1\" content=\"Dur\u00e9e de lecture estim\u00e9e\" \/>\n\t<meta name=\"twitter:data1\" content=\"3 minutes\" \/>\n<script type=\"application\/ld+json\" class=\"yoast-schema-graph\">{\"@context\":\"https:\/\/schema.org\",\"@graph\":[{\"@type\":\"WebPage\",\"@id\":\"https:\/\/dukoralcanada.com\/fr\/tenez-vos-patients-informes\/\",\"url\":\"https:\/\/dukoralcanada.com\/fr\/tenez-vos-patients-informes\/\",\"name\":\"Tenez vos patients inform\u00e9s - Dukoral Canada\",\"isPartOf\":{\"@id\":\"https:\/\/dukoralcanada.com\/fr\/#website\"},\"datePublished\":\"2024-01-24T12:11:51+00:00\",\"dateModified\":\"2024-02-26T11:21:18+00:00\",\"breadcrumb\":{\"@id\":\"https:\/\/dukoralcanada.com\/fr\/tenez-vos-patients-informes\/#breadcrumb\"},\"inLanguage\":\"fr-FR\",\"potentialAction\":[{\"@type\":\"ReadAction\",\"target\":[\"https:\/\/dukoralcanada.com\/fr\/tenez-vos-patients-informes\/\"]}]},{\"@type\":\"BreadcrumbList\",\"@id\":\"https:\/\/dukoralcanada.com\/fr\/tenez-vos-patients-informes\/#breadcrumb\",\"itemListElement\":[{\"@type\":\"ListItem\",\"position\":1,\"name\":\"Home\",\"item\":\"https:\/\/dukoralcanada.com\/fr\/\"},{\"@type\":\"ListItem\",\"position\":2,\"name\":\"Tenez vos patients inform\u00e9s\"}]},{\"@type\":\"WebSite\",\"@id\":\"https:\/\/dukoralcanada.com\/fr\/#website\",\"url\":\"https:\/\/dukoralcanada.com\/fr\/\",\"name\":\"Dukoral Canada\",\"description\":\"\",\"publisher\":{\"@id\":\"https:\/\/dukoralcanada.com\/fr\/#organization\"},\"potentialAction\":[{\"@type\":\"SearchAction\",\"target\":{\"@type\":\"EntryPoint\",\"urlTemplate\":\"https:\/\/dukoralcanada.com\/fr\/?s={search_term_string}\"},\"query-input\":{\"@type\":\"PropertyValueSpecification\",\"valueRequired\":true,\"valueName\":\"search_term_string\"}}],\"inLanguage\":\"fr-FR\"},{\"@type\":\"Organization\",\"@id\":\"https:\/\/dukoralcanada.com\/fr\/#organization\",\"name\":\"Dukoral Canada\",\"url\":\"https:\/\/dukoralcanada.com\/fr\/\",\"logo\":{\"@type\":\"ImageObject\",\"inLanguage\":\"fr-FR\",\"@id\":\"https:\/\/dukoralcanada.com\/fr\/#\/schema\/logo\/image\/\",\"url\":\"https:\/\/dukoralcanada.com\/wp-content\/uploads\/2024\/01\/logo.png\",\"contentUrl\":\"https:\/\/dukoralcanada.com\/wp-content\/uploads\/2024\/01\/logo.png\",\"width\":500,\"height\":118,\"caption\":\"Dukoral Canada\"},\"image\":{\"@id\":\"https:\/\/dukoralcanada.com\/fr\/#\/schema\/logo\/image\/\"}}]}<\/script>\n<!-- \/ Yoast SEO plugin. -->","yoast_head_json":{"title":"Tenez vos patients inform\u00e9s - Dukoral Canada","robots":{"index":"index","follow":"follow","max-snippet":"max-snippet:-1","max-image-preview":"max-image-preview:large","max-video-preview":"max-video-preview:-1"},"canonical":"https:\/\/dukoralcanada.com\/fr\/tenez-vos-patients-informes\/","og_locale":"fr_FR","og_type":"article","og_title":"Tenez vos patients inform\u00e9s - Dukoral Canada","og_description":"INFORMEZ VOS PATIENTS AU SUJET DE DUKORAL\u00ae AVANT QU\u2019ILS PARTENT EN VOYAGE. DUKORAL\u00ae est offert sans ordonnance derri\u00e8re le comptoir du pharmacien (en particulier, pour l\u2019indication de la diarrh\u00e9e \u00e0 ETEC-TL) dans toutes les provinces canadiennes, sauf le Qu\u00e9bec et la Saskatchewan*.N\u2019oubliez pas DUKORAL\u00ae, surtout en p\u00e9riode de pointe pour les voyageurs canadiens.Vos conseils de [&hellip;]","og_url":"https:\/\/dukoralcanada.com\/fr\/tenez-vos-patients-informes\/","og_site_name":"Dukoral Canada","article_modified_time":"2024-02-26T11:21:18+00:00","twitter_card":"summary_large_image","twitter_misc":{"Dur\u00e9e de lecture estim\u00e9e":"3 minutes"},"schema":{"@context":"https:\/\/schema.org","@graph":[{"@type":"WebPage","@id":"https:\/\/dukoralcanada.com\/fr\/tenez-vos-patients-informes\/","url":"https:\/\/dukoralcanada.com\/fr\/tenez-vos-patients-informes\/","name":"Tenez vos patients inform\u00e9s - Dukoral Canada","isPartOf":{"@id":"https:\/\/dukoralcanada.com\/fr\/#website"},"datePublished":"2024-01-24T12:11:51+00:00","dateModified":"2024-02-26T11:21:18+00:00","breadcrumb":{"@id":"https:\/\/dukoralcanada.com\/fr\/tenez-vos-patients-informes\/#breadcrumb"},"inLanguage":"fr-FR","potentialAction":[{"@type":"ReadAction","target":["https:\/\/dukoralcanada.com\/fr\/tenez-vos-patients-informes\/"]}]},{"@type":"BreadcrumbList","@id":"https:\/\/dukoralcanada.com\/fr\/tenez-vos-patients-informes\/#breadcrumb","itemListElement":[{"@type":"ListItem","position":1,"name":"Home","item":"https:\/\/dukoralcanada.com\/fr\/"},{"@type":"ListItem","position":2,"name":"Tenez vos patients inform\u00e9s"}]},{"@type":"WebSite","@id":"https:\/\/dukoralcanada.com\/fr\/#website","url":"https:\/\/dukoralcanada.com\/fr\/","name":"Dukoral Canada","description":"","publisher":{"@id":"https:\/\/dukoralcanada.com\/fr\/#organization"},"potentialAction":[{"@type":"SearchAction","target":{"@type":"EntryPoint","urlTemplate":"https:\/\/dukoralcanada.com\/fr\/?s={search_term_string}"},"query-input":{"@type":"PropertyValueSpecification","valueRequired":true,"valueName":"search_term_string"}}],"inLanguage":"fr-FR"},{"@type":"Organization","@id":"https:\/\/dukoralcanada.com\/fr\/#organization","name":"Dukoral Canada","url":"https:\/\/dukoralcanada.com\/fr\/","logo":{"@type":"ImageObject","inLanguage":"fr-FR","@id":"https:\/\/dukoralcanada.com\/fr\/#\/schema\/logo\/image\/","url":"https:\/\/dukoralcanada.com\/wp-content\/uploads\/2024\/01\/logo.png","contentUrl":"https:\/\/dukoralcanada.com\/wp-content\/uploads\/2024\/01\/logo.png","width":500,"height":118,"caption":"Dukoral Canada"},"image":{"@id":"https:\/\/dukoralcanada.com\/fr\/#\/schema\/logo\/image\/"}}]}},"_links":{"self":[{"href":"https:\/\/dukoralcanada.com\/fr\/wp-json\/wp\/v2\/pages\/1217","targetHints":{"allow":["GET"]}}],"collection":[{"href":"https:\/\/dukoralcanada.com\/fr\/wp-json\/wp\/v2\/pages"}],"about":[{"href":"https:\/\/dukoralcanada.com\/fr\/wp-json\/wp\/v2\/types\/page"}],"author":[{"embeddable":true,"href":"https:\/\/dukoralcanada.com\/fr\/wp-json\/wp\/v2\/users\/1"}],"replies":[{"embeddable":true,"href":"https:\/\/dukoralcanada.com\/fr\/wp-json\/wp\/v2\/comments?post=1217"}],"version-history":[{"count":25,"href":"https:\/\/dukoralcanada.com\/fr\/wp-json\/wp\/v2\/pages\/1217\/revisions"}],"predecessor-version":[{"id":2058,"href":"https:\/\/dukoralcanada.com\/fr\/wp-json\/wp\/v2\/pages\/1217\/revisions\/2058"}],"wp:attachment":[{"href":"https:\/\/dukoralcanada.com\/fr\/wp-json\/wp\/v2\/media?parent=1217"}],"curies":[{"name":"wp","href":"https:\/\/api.w.org\/{rel}","templated":true}]}}