{"id":1223,"date":"2024-01-20T09:56:34","date_gmt":"2024-01-20T09:56:34","guid":{"rendered":"https:\/\/dukoralcanada.com\/stay-connected\/"},"modified":"2024-02-26T07:51:26","modified_gmt":"2024-02-26T07:51:26","slug":"restez-connecte","status":"publish","type":"page","link":"https:\/\/dukoralcanada.com\/fr\/restez-connecte\/","title":{"rendered":"Restez connect\u00e9"},"content":{"rendered":"\t\t<div data-elementor-type=\"wp-page\" data-elementor-id=\"1223\" class=\"elementor elementor-1223 elementor-24\">\n\t\t\t\t<div class=\"elementor-element elementor-element-88362ac e-flex e-con-boxed e-con e-parent\" data-id=\"88362ac\" data-element_type=\"container\" data-settings=\"{&quot;background_background&quot;:&quot;classic&quot;}\">\n\t\t\t\t\t<div class=\"e-con-inner\">\n\t\t<div class=\"elementor-element elementor-element-a746096 e-con-full e-flex e-con e-child\" data-id=\"a746096\" data-element_type=\"container\">\n\t\t\t\t<div class=\"elementor-element elementor-element-b506666 elementor-widget__width-initial elementor-widget-mobile__width-inherit elementor-widget elementor-widget-heading\" data-id=\"b506666\" data-element_type=\"widget\" data-widget_type=\"heading.default\">\n\t\t\t\t<div class=\"elementor-widget-container\">\n\t\t\t\t\t<h2 class=\"elementor-heading-title elementor-size-default\">VOUS VOULEZ RESTER INFORM\u00c9?<\/h2>\t\t\t\t<\/div>\n\t\t\t\t<\/div>\n\t\t\t\t<div class=\"elementor-element elementor-element-c4eb0c5 elementor-widget__width-initial elementor-widget-mobile__width-inherit elementor-widget elementor-widget-heading\" data-id=\"c4eb0c5\" data-element_type=\"widget\" data-widget_type=\"heading.default\">\n\t\t\t\t<div class=\"elementor-widget-container\">\n\t\t\t\t\t<h2 class=\"elementor-heading-title elementor-size-default\">INSCRIVEZ-VOUS POUR RECEVOIR DE VALNEVA LES TOUTES LES DERNI\u00c8RES NOUVELLES SUR DUKORAL<sup>\u00ae<\/sup>.<\/h2>\t\t\t\t<\/div>\n\t\t\t\t<\/div>\n\t\t\t\t<\/div>\n\t\t\t\t\t<\/div>\n\t\t\t\t<\/div>\n\t\t<div class=\"elementor-element elementor-element-2132dcd e-flex e-con-boxed e-con e-parent\" data-id=\"2132dcd\" data-element_type=\"container\">\n\t\t\t\t\t<div class=\"e-con-inner\">\n\t\t\t\t<div class=\"elementor-element elementor-element-ae5c9b6 news_div elementor-widget elementor-widget-shortcode\" data-id=\"ae5c9b6\" data-element_type=\"widget\" data-widget_type=\"shortcode.default\">\n\t\t\t\t<div class=\"elementor-widget-container\">\n\t\t\t\t\t\t\t<div class=\"elementor-shortcode\">\n<div class=\"wpcf7 no-js\" id=\"wpcf7-f544-o1\" lang=\"en-US\" dir=\"ltr\" data-wpcf7-id=\"544\">\n<div class=\"screen-reader-response\"><p role=\"status\" aria-live=\"polite\" aria-atomic=\"true\"><\/p> <ul><\/ul><\/div>\n<form action=\"\/fr\/wp-json\/wp\/v2\/pages\/1223#wpcf7-f544-o1\" method=\"post\" class=\"wpcf7-form init\" aria-label=\"Contact form\" novalidate=\"novalidate\" data-status=\"init\">\n<fieldset class=\"hidden-fields-container\"><input type=\"hidden\" name=\"_wpcf7\" value=\"544\" \/><input type=\"hidden\" name=\"_wpcf7_version\" value=\"6.1.4\" \/><input type=\"hidden\" name=\"_wpcf7_locale\" value=\"en_US\" \/><input type=\"hidden\" name=\"_wpcf7_unit_tag\" value=\"wpcf7-f544-o1\" \/><input type=\"hidden\" name=\"_wpcf7_container_post\" value=\"0\" \/><input type=\"hidden\" name=\"_wpcf7_posted_data_hash\" value=\"\" \/><input type=\"hidden\" name=\"_wpcf7cf_hidden_group_fields\" value=\"[]\" \/><input type=\"hidden\" name=\"_wpcf7cf_hidden_groups\" value=\"[]\" \/><input type=\"hidden\" name=\"_wpcf7cf_visible_groups\" value=\"[]\" \/><input type=\"hidden\" name=\"_wpcf7cf_repeaters\" value=\"[]\" \/><input type=\"hidden\" name=\"_wpcf7cf_steps\" value=\"{}\" \/><input type=\"hidden\" name=\"_wpcf7cf_options\" value=\"{&quot;form_id&quot;:544,&quot;conditions&quot;:[{&quot;then_field&quot;:&quot;check-group&quot;,&quot;and_rules&quot;:[{&quot;if_field&quot;:&quot;checkbox-stay-up-to-date&quot;,&quot;operator&quot;:&quot;not empty&quot;,&quot;if_value&quot;:&quot;&quot;}]}],&quot;settings&quot;:{&quot;animation&quot;:&quot;yes&quot;,&quot;animation_intime&quot;:200,&quot;animation_outtime&quot;:200,&quot;conditions_ui&quot;:&quot;normal&quot;,&quot;notice_dismissed&quot;:false,&quot;notice_dismissed_rollback-cf7-5.8.6&quot;:true,&quot;notice_dismissed_rollback-cf7-5.9.5&quot;:true}}\" \/><input type=\"hidden\" name=\"_wpcf7_recaptcha_response\" value=\"\" \/>\n<\/fieldset>\n<div class=\"sty_div\">\n\t<p><label><span class=\"wpcf7-form-control-wrap\" data-name=\"checkbox-stay-up-to-date\"><span class=\"wpcf7-form-control wpcf7-checkbox\"><span class=\"wpcf7-list-item first last\"><label><input type=\"checkbox\" name=\"checkbox-stay-up-to-date[]\" value=\"Oui! J\u2019aimerais recevoir des courriels de Valneva pour rester inform\u00e9!\" \/><span class=\"wpcf7-list-item-label\">Oui! J\u2019aimerais recevoir des courriels de Valneva pour rester inform\u00e9!<\/span><\/label><\/span><\/span><\/span><\/label>\n\t<\/p>\n\t<div data-id=\"check-group\" data-orig_data_id=\"check-group\" data-clear_on_hide class=\"\" data-class=\"wpcf7cf_group\">\n\t\t<p><label class=\"mail_label\"><span class=\"wpcf7-form-control-wrap\" data-name=\"your-email\"><input size=\"40\" maxlength=\"400\" class=\"wpcf7-form-control wpcf7-email wpcf7-validates-as-required wpcf7-text wpcf7-validates-as-email\" aria-required=\"true\" aria-invalid=\"false\" placeholder=\"Entrez votre adresse courriel\" value=\"\" type=\"email\" name=\"your-email\" \/><\/span><\/label>\n\t\t<\/p>\n\t\t<p><label><span class=\"wpcf7-form-control-wrap\" data-name=\"checkbox-receive-emails\"><span class=\"wpcf7-form-control wpcf7-checkbox wpcf7-validates-as-required\"><span class=\"wpcf7-list-item first last\"><label><input type=\"checkbox\" name=\"checkbox-receive-emails[]\" value=\"Je comprends qu\u2019en cochant cette case, je consens \u00e0 recevoir des courriels de Valneva contenant des renseignements sur DUKORAL\u00ae.\" \/><span class=\"wpcf7-list-item-label\">Je comprends qu\u2019en cochant cette case, je consens \u00e0 recevoir des courriels de Valneva contenant des renseignements sur DUKORAL\u00ae.<\/span><\/label><\/span><\/span><\/span><\/label>\n\t\t<\/p>\n\t\t<p><label><span class=\"wpcf7-form-control-wrap\" data-name=\"checkbox-travel-health\"><span class=\"wpcf7-form-control wpcf7-checkbox\"><span class=\"wpcf7-list-item first last\"><label><input type=\"checkbox\" name=\"checkbox-travel-health[]\" value=\"Je suis \u00e9galement int\u00e9ress\u00e9 \u00e0 recevoir des courriels de Valneva contenant des renseignements sur la sant\u00e9 en voyage.\" \/><span class=\"wpcf7-list-item-label\">Je suis \u00e9galement int\u00e9ress\u00e9 \u00e0 recevoir des courriels de Valneva contenant des renseignements sur la sant\u00e9 en voyage.<\/span><\/label><\/span><\/span><\/span><\/label>\n\t\t<\/p>\n\t\t<p><label><span class=\"wpcf7-form-control-wrap\" data-name=\"checkbox-not-interested\"><span class=\"wpcf7-form-control wpcf7-checkbox\"><span class=\"wpcf7-list-item first last\"><label><input type=\"checkbox\" name=\"checkbox-not-interested[]\" value=\"Non. Je ne suis pas int\u00e9ress\u00e9 \u00e0 recevoir des renseignements additionnels pour le moment.\" \/><span class=\"wpcf7-list-item-label\">Non. Je ne suis pas int\u00e9ress\u00e9 \u00e0 recevoir des renseignements additionnels pour le moment.<\/span><\/label><\/span><\/span><\/span><\/label>\n\t\t<\/p>\n\t\t<p><input class=\"wpcf7-form-control wpcf7-submit has-spinner\" type=\"submit\" value=\"Soumettre\" \/>\n\t\t<\/p>\n\t<\/div>\n<\/div><div class=\"wpcf7-response-output\" aria-hidden=\"true\"><\/div>\n<\/form>\n<\/div>\n<\/div>\n\t\t\t\t\t\t<\/div>\n\t\t\t\t<\/div>\n\t\t\t\t\t<\/div>\n\t\t\t\t<\/div>\n\t\t\t\t<\/div>\n\t\t","protected":false},"excerpt":{"rendered":"<p>VOUS VOULEZ RESTER INFORM\u00c9? INSCRIVEZ-VOUS POUR RECEVOIR DE VALNEVA LES TOUTES LES DERNI\u00c8RES NOUVELLES SUR DUKORAL\u00ae.<\/p>\n","protected":false},"author":1,"featured_media":0,"parent":0,"menu_order":0,"comment_status":"closed","ping_status":"closed","template":"elementor_header_footer","meta":{"footnotes":""},"class_list":["post-1223","page","type-page","status-publish","hentry"],"yoast_head":"<!-- This site is optimized with the Yoast SEO plugin v26.8 - https:\/\/yoast.com\/product\/yoast-seo-wordpress\/ -->\n<title>Restez connect\u00e9 - Dukoral Canada<\/title>\n<meta name=\"robots\" content=\"index, follow, max-snippet:-1, max-image-preview:large, max-video-preview:-1\" \/>\n<link rel=\"canonical\" href=\"https:\/\/dukoralcanada.com\/fr\/restez-connecte\/\" \/>\n<meta property=\"og:locale\" content=\"fr_FR\" \/>\n<meta property=\"og:type\" content=\"article\" \/>\n<meta property=\"og:title\" content=\"Restez connect\u00e9 - Dukoral Canada\" \/>\n<meta property=\"og:description\" content=\"VOUS VOULEZ RESTER INFORM\u00c9? INSCRIVEZ-VOUS POUR RECEVOIR DE VALNEVA LES TOUTES LES DERNI\u00c8RES NOUVELLES SUR DUKORAL\u00ae.\" \/>\n<meta property=\"og:url\" content=\"https:\/\/dukoralcanada.com\/fr\/restez-connecte\/\" \/>\n<meta property=\"og:site_name\" content=\"Dukoral Canada\" \/>\n<meta property=\"article:modified_time\" content=\"2024-02-26T07:51:26+00:00\" \/>\n<meta name=\"twitter:card\" content=\"summary_large_image\" \/>\n<script type=\"application\/ld+json\" class=\"yoast-schema-graph\">{\"@context\":\"https:\/\/schema.org\",\"@graph\":[{\"@type\":\"WebPage\",\"@id\":\"https:\/\/dukoralcanada.com\/fr\/restez-connecte\/\",\"url\":\"https:\/\/dukoralcanada.com\/fr\/restez-connecte\/\",\"name\":\"Restez connect\u00e9 - Dukoral Canada\",\"isPartOf\":{\"@id\":\"https:\/\/dukoralcanada.com\/fr\/#website\"},\"datePublished\":\"2024-01-20T09:56:34+00:00\",\"dateModified\":\"2024-02-26T07:51:26+00:00\",\"breadcrumb\":{\"@id\":\"https:\/\/dukoralcanada.com\/fr\/restez-connecte\/#breadcrumb\"},\"inLanguage\":\"fr-FR\",\"potentialAction\":[{\"@type\":\"ReadAction\",\"target\":[\"https:\/\/dukoralcanada.com\/fr\/restez-connecte\/\"]}]},{\"@type\":\"BreadcrumbList\",\"@id\":\"https:\/\/dukoralcanada.com\/fr\/restez-connecte\/#breadcrumb\",\"itemListElement\":[{\"@type\":\"ListItem\",\"position\":1,\"name\":\"Home\",\"item\":\"https:\/\/dukoralcanada.com\/fr\/\"},{\"@type\":\"ListItem\",\"position\":2,\"name\":\"Restez connect\u00e9\"}]},{\"@type\":\"WebSite\",\"@id\":\"https:\/\/dukoralcanada.com\/fr\/#website\",\"url\":\"https:\/\/dukoralcanada.com\/fr\/\",\"name\":\"Dukoral Canada\",\"description\":\"\",\"publisher\":{\"@id\":\"https:\/\/dukoralcanada.com\/fr\/#organization\"},\"potentialAction\":[{\"@type\":\"SearchAction\",\"target\":{\"@type\":\"EntryPoint\",\"urlTemplate\":\"https:\/\/dukoralcanada.com\/fr\/?s={search_term_string}\"},\"query-input\":{\"@type\":\"PropertyValueSpecification\",\"valueRequired\":true,\"valueName\":\"search_term_string\"}}],\"inLanguage\":\"fr-FR\"},{\"@type\":\"Organization\",\"@id\":\"https:\/\/dukoralcanada.com\/fr\/#organization\",\"name\":\"Dukoral Canada\",\"url\":\"https:\/\/dukoralcanada.com\/fr\/\",\"logo\":{\"@type\":\"ImageObject\",\"inLanguage\":\"fr-FR\",\"@id\":\"https:\/\/dukoralcanada.com\/fr\/#\/schema\/logo\/image\/\",\"url\":\"https:\/\/dukoralcanada.com\/wp-content\/uploads\/2024\/01\/logo.png\",\"contentUrl\":\"https:\/\/dukoralcanada.com\/wp-content\/uploads\/2024\/01\/logo.png\",\"width\":500,\"height\":118,\"caption\":\"Dukoral Canada\"},\"image\":{\"@id\":\"https:\/\/dukoralcanada.com\/fr\/#\/schema\/logo\/image\/\"}}]}<\/script>\n<!-- \/ Yoast SEO plugin. -->","yoast_head_json":{"title":"Restez connect\u00e9 - Dukoral Canada","robots":{"index":"index","follow":"follow","max-snippet":"max-snippet:-1","max-image-preview":"max-image-preview:large","max-video-preview":"max-video-preview:-1"},"canonical":"https:\/\/dukoralcanada.com\/fr\/restez-connecte\/","og_locale":"fr_FR","og_type":"article","og_title":"Restez connect\u00e9 - Dukoral Canada","og_description":"VOUS VOULEZ RESTER INFORM\u00c9? INSCRIVEZ-VOUS POUR RECEVOIR DE VALNEVA LES TOUTES LES DERNI\u00c8RES NOUVELLES SUR DUKORAL\u00ae.","og_url":"https:\/\/dukoralcanada.com\/fr\/restez-connecte\/","og_site_name":"Dukoral Canada","article_modified_time":"2024-02-26T07:51:26+00:00","twitter_card":"summary_large_image","schema":{"@context":"https:\/\/schema.org","@graph":[{"@type":"WebPage","@id":"https:\/\/dukoralcanada.com\/fr\/restez-connecte\/","url":"https:\/\/dukoralcanada.com\/fr\/restez-connecte\/","name":"Restez connect\u00e9 - Dukoral Canada","isPartOf":{"@id":"https:\/\/dukoralcanada.com\/fr\/#website"},"datePublished":"2024-01-20T09:56:34+00:00","dateModified":"2024-02-26T07:51:26+00:00","breadcrumb":{"@id":"https:\/\/dukoralcanada.com\/fr\/restez-connecte\/#breadcrumb"},"inLanguage":"fr-FR","potentialAction":[{"@type":"ReadAction","target":["https:\/\/dukoralcanada.com\/fr\/restez-connecte\/"]}]},{"@type":"BreadcrumbList","@id":"https:\/\/dukoralcanada.com\/fr\/restez-connecte\/#breadcrumb","itemListElement":[{"@type":"ListItem","position":1,"name":"Home","item":"https:\/\/dukoralcanada.com\/fr\/"},{"@type":"ListItem","position":2,"name":"Restez connect\u00e9"}]},{"@type":"WebSite","@id":"https:\/\/dukoralcanada.com\/fr\/#website","url":"https:\/\/dukoralcanada.com\/fr\/","name":"Dukoral Canada","description":"","publisher":{"@id":"https:\/\/dukoralcanada.com\/fr\/#organization"},"potentialAction":[{"@type":"SearchAction","target":{"@type":"EntryPoint","urlTemplate":"https:\/\/dukoralcanada.com\/fr\/?s={search_term_string}"},"query-input":{"@type":"PropertyValueSpecification","valueRequired":true,"valueName":"search_term_string"}}],"inLanguage":"fr-FR"},{"@type":"Organization","@id":"https:\/\/dukoralcanada.com\/fr\/#organization","name":"Dukoral Canada","url":"https:\/\/dukoralcanada.com\/fr\/","logo":{"@type":"ImageObject","inLanguage":"fr-FR","@id":"https:\/\/dukoralcanada.com\/fr\/#\/schema\/logo\/image\/","url":"https:\/\/dukoralcanada.com\/wp-content\/uploads\/2024\/01\/logo.png","contentUrl":"https:\/\/dukoralcanada.com\/wp-content\/uploads\/2024\/01\/logo.png","width":500,"height":118,"caption":"Dukoral Canada"},"image":{"@id":"https:\/\/dukoralcanada.com\/fr\/#\/schema\/logo\/image\/"}}]}},"_links":{"self":[{"href":"https:\/\/dukoralcanada.com\/fr\/wp-json\/wp\/v2\/pages\/1223","targetHints":{"allow":["GET"]}}],"collection":[{"href":"https:\/\/dukoralcanada.com\/fr\/wp-json\/wp\/v2\/pages"}],"about":[{"href":"https:\/\/dukoralcanada.com\/fr\/wp-json\/wp\/v2\/types\/page"}],"author":[{"embeddable":true,"href":"https:\/\/dukoralcanada.com\/fr\/wp-json\/wp\/v2\/users\/1"}],"replies":[{"embeddable":true,"href":"https:\/\/dukoralcanada.com\/fr\/wp-json\/wp\/v2\/comments?post=1223"}],"version-history":[{"count":16,"href":"https:\/\/dukoralcanada.com\/fr\/wp-json\/wp\/v2\/pages\/1223\/revisions"}],"predecessor-version":[{"id":1971,"href":"https:\/\/dukoralcanada.com\/fr\/wp-json\/wp\/v2\/pages\/1223\/revisions\/1971"}],"wp:attachment":[{"href":"https:\/\/dukoralcanada.com\/fr\/wp-json\/wp\/v2\/media?parent=1223"}],"curies":[{"name":"wp","href":"https:\/\/api.w.org\/{rel}","templated":true}]}}