{"id":1241,"date":"2024-01-20T10:06:09","date_gmt":"2024-01-20T10:06:09","guid":{"rendered":"https:\/\/dukoralcanada.com\/contact-us\/"},"modified":"2024-02-26T07:30:18","modified_gmt":"2024-02-26T07:30:18","slug":"nous-joindre","status":"publish","type":"page","link":"https:\/\/dukoralcanada.com\/fr\/nous-joindre\/","title":{"rendered":"Nous Joindre"},"content":{"rendered":"\t\t<div data-elementor-type=\"wp-page\" data-elementor-id=\"1241\" class=\"elementor elementor-1241 elementor-30\">\n\t\t\t\t<div class=\"elementor-element elementor-element-843e9c4 banner_section e-flex e-con-boxed e-con e-parent\" data-id=\"843e9c4\" data-element_type=\"container\" data-settings=\"{&quot;background_background&quot;:&quot;classic&quot;}\">\n\t\t\t\t\t<div class=\"e-con-inner\">\n\t\t<div class=\"elementor-element elementor-element-2c20aac e-con-full e-flex e-con e-child\" data-id=\"2c20aac\" data-element_type=\"container\">\n\t\t\t\t<div class=\"elementor-element elementor-element-da25f52 elementor-widget__width-initial elementor-widget elementor-widget-heading\" data-id=\"da25f52\" data-element_type=\"widget\" data-widget_type=\"heading.default\">\n\t\t\t\t<div class=\"elementor-widget-container\">\n\t\t\t\t\t<h2 class=\"elementor-heading-title elementor-size-default\">NOUS JOINDRE<\/h2>\t\t\t\t<\/div>\n\t\t\t\t<\/div>\n\t\t\t\t<\/div>\n\t\t\t\t\t<\/div>\n\t\t\t\t<\/div>\n\t\t<div class=\"elementor-element elementor-element-2fe2ef7 e-flex e-con-boxed e-con e-parent\" data-id=\"2fe2ef7\" data-element_type=\"container\">\n\t\t\t\t\t<div class=\"e-con-inner\">\n\t\t<div class=\"elementor-element elementor-element-60c85f0 e-con-full e-flex e-con e-child\" data-id=\"60c85f0\" data-element_type=\"container\">\n\t\t\t\t<div class=\"elementor-element elementor-element-54c8589 elementor-widget elementor-widget-image\" data-id=\"54c8589\" data-element_type=\"widget\" data-widget_type=\"image.default\">\n\t\t\t\t<div class=\"elementor-widget-container\">\n\t\t\t\t\t\t\t\t\t\t\t\t\t\t\t<img fetchpriority=\"high\" decoding=\"async\" width=\"918\" height=\"244\" src=\"https:\/\/dukoralcanada.com\/wp-content\/uploads\/2024\/01\/Valneva_TH-Logo_FR.png\" class=\"attachment-full size-full wp-image-1009\" alt=\"\" srcset=\"https:\/\/dukoralcanada.com\/wp-content\/uploads\/2024\/01\/Valneva_TH-Logo_FR.png 918w, https:\/\/dukoralcanada.com\/wp-content\/uploads\/2024\/01\/Valneva_TH-Logo_FR-300x80.png 300w, https:\/\/dukoralcanada.com\/wp-content\/uploads\/2024\/01\/Valneva_TH-Logo_FR-768x204.png 768w\" sizes=\"(max-width: 918px) 100vw, 918px\" \/>\t\t\t\t\t\t\t\t\t\t\t\t\t\t\t<\/div>\n\t\t\t\t<\/div>\n\t\t\t\t<\/div>\n\t\t<div class=\"elementor-element elementor-element-744af62 e-con-full a_tag-div e-flex e-con e-child\" data-id=\"744af62\" data-element_type=\"container\">\n\t\t\t\t<div class=\"elementor-element elementor-element-3538b3d elementor-widget elementor-widget-text-editor\" data-id=\"3538b3d\" data-element_type=\"widget\" data-widget_type=\"text-editor.default\">\n\t\t\t\t<div class=\"elementor-widget-container\">\n\t\t\t\t\t\t\t\t\t<strong>Valneva Canada Inc. <\/strong> \t\t\t\t\t\t\t\t<\/div>\n\t\t\t\t<\/div>\n\t\t\t\t<div class=\"elementor-element elementor-element-48e911c elementor-widget elementor-widget-text-editor\" data-id=\"48e911c\" data-element_type=\"widget\" data-widget_type=\"text-editor.default\">\n\t\t\t\t<div class=\"elementor-widget-container\">\n\t\t\t\t\t\t\t\t\t<strong>Affaires commerciales<\/strong>\t\t\t\t\t\t\t\t<\/div>\n\t\t\t\t<\/div>\n\t\t\t\t<div class=\"elementor-element elementor-element-b806b43 elementor-widget elementor-widget-text-editor\" data-id=\"b806b43\" data-element_type=\"widget\" data-widget_type=\"text-editor.default\">\n\t\t\t\t<div class=\"elementor-widget-container\">\n\t\t\t\t\t\t\t\t\t3535, boul. Saint-Charles, bureau 600\t\t\t\t\t\t\t\t<\/div>\n\t\t\t\t<\/div>\n\t\t\t\t<div class=\"elementor-element elementor-element-01318d3 elementor-widget elementor-widget-text-editor\" data-id=\"01318d3\" data-element_type=\"widget\" data-widget_type=\"text-editor.default\">\n\t\t\t\t<div class=\"elementor-widget-container\">\n\t\t\t\t\t\t\t\t\tKirkland (Qu\u00e9bec) H9H 5B9\t\t\t\t\t\t\t\t<\/div>\n\t\t\t\t<\/div>\n\t\t\t\t<div class=\"elementor-element elementor-element-7fadb09 elementor-widget elementor-widget-text-editor\" data-id=\"7fadb09\" data-element_type=\"widget\" data-widget_type=\"text-editor.default\">\n\t\t\t\t<div class=\"elementor-widget-container\">\n\t\t\t\t\t\t\t\t\tCanada\t\t\t\t\t\t\t\t<\/div>\n\t\t\t\t<\/div>\n\t\t\t\t<div class=\"elementor-element elementor-element-1f796b1 elementor-widget elementor-widget-text-editor\" data-id=\"1f796b1\" data-element_type=\"widget\" data-widget_type=\"text-editor.default\">\n\t\t\t\t<div class=\"elementor-widget-container\">\n\t\t\t\t\t\t\t\t\tT\u00e9l\u00e9phone : <a href=\"tel:5146306999\">514-630-6999<\/a>\t\t\t\t\t\t\t\t<\/div>\n\t\t\t\t<\/div>\n\t\t\t\t<div class=\"elementor-element elementor-element-4cb4c9c elementor-widget elementor-widget-text-editor\" data-id=\"4cb4c9c\" data-element_type=\"widget\" data-widget_type=\"text-editor.default\">\n\t\t\t\t<div class=\"elementor-widget-container\">\n\t\t\t\t\t\t\t\t\tT\u00e9l\u00e9copieur : <a href=\"tel:5146309666\">514-630-9666<\/a>\t\t\t\t\t\t\t\t<\/div>\n\t\t\t\t<\/div>\n\t\t\t\t<div class=\"elementor-element elementor-element-cd91957 elementor-widget elementor-widget-text-editor\" data-id=\"cd91957\" data-element_type=\"widget\" data-widget_type=\"text-editor.default\">\n\t\t\t\t<div class=\"elementor-widget-container\">\n\t\t\t\t\t\t\t\t\tCourriel : <a href=\"mailto:valnevacanada@valneva.com\">valnevacanada@valneva.com<\/a>\t\t\t\t\t\t\t\t<\/div>\n\t\t\t\t<\/div>\n\t\t\t\t<\/div>\n\t\t\t\t\t<\/div>\n\t\t\t\t<\/div>\n\t\t\t\t<\/div>\n\t\t","protected":false},"excerpt":{"rendered":"<p>NOUS JOINDRE Valneva Canada Inc. Affaires commerciales3535, boul. Saint-Charles, bureau 600Kirkland (Qu\u00e9bec) H9H 5B9CanadaT\u00e9l\u00e9phone : 514-630-6999T\u00e9l\u00e9copieur : 514-630-9666Courriel : valnevacanada@valneva.com<\/p>\n","protected":false},"author":1,"featured_media":0,"parent":0,"menu_order":0,"comment_status":"closed","ping_status":"closed","template":"elementor_header_footer","meta":{"footnotes":""},"class_list":["post-1241","page","type-page","status-publish","hentry"],"yoast_head":"<!-- This site is optimized with the Yoast SEO plugin v26.8 - https:\/\/yoast.com\/product\/yoast-seo-wordpress\/ -->\n<title>Nous Joindre - Dukoral Canada<\/title>\n<meta name=\"robots\" content=\"index, follow, max-snippet:-1, max-image-preview:large, max-video-preview:-1\" \/>\n<link rel=\"canonical\" href=\"https:\/\/dukoralcanada.com\/fr\/nous-joindre\/\" \/>\n<meta property=\"og:locale\" content=\"fr_FR\" \/>\n<meta property=\"og:type\" content=\"article\" \/>\n<meta property=\"og:title\" content=\"Nous Joindre - Dukoral Canada\" \/>\n<meta property=\"og:description\" content=\"NOUS JOINDRE Valneva Canada Inc. Affaires commerciales3535, boul. Saint-Charles, bureau 600Kirkland (Qu\u00e9bec) H9H 5B9CanadaT\u00e9l\u00e9phone : 514-630-6999T\u00e9l\u00e9copieur : 514-630-9666Courriel : valnevacanada@valneva.com\" \/>\n<meta property=\"og:url\" content=\"https:\/\/dukoralcanada.com\/fr\/nous-joindre\/\" \/>\n<meta property=\"og:site_name\" content=\"Dukoral Canada\" \/>\n<meta property=\"article:modified_time\" content=\"2024-02-26T07:30:18+00:00\" \/>\n<meta property=\"og:image\" content=\"https:\/\/dukoralcanada.com\/wp-content\/uploads\/2024\/01\/Valneva_TH-Logo_FR.png\" \/>\n<meta name=\"twitter:card\" content=\"summary_large_image\" \/>\n<script type=\"application\/ld+json\" class=\"yoast-schema-graph\">{\"@context\":\"https:\/\/schema.org\",\"@graph\":[{\"@type\":\"WebPage\",\"@id\":\"https:\/\/dukoralcanada.com\/fr\/nous-joindre\/\",\"url\":\"https:\/\/dukoralcanada.com\/fr\/nous-joindre\/\",\"name\":\"Nous Joindre - Dukoral Canada\",\"isPartOf\":{\"@id\":\"https:\/\/dukoralcanada.com\/fr\/#website\"},\"primaryImageOfPage\":{\"@id\":\"https:\/\/dukoralcanada.com\/fr\/nous-joindre\/#primaryimage\"},\"image\":{\"@id\":\"https:\/\/dukoralcanada.com\/fr\/nous-joindre\/#primaryimage\"},\"thumbnailUrl\":\"https:\/\/dukoralcanada.com\/wp-content\/uploads\/2024\/01\/Valneva_TH-Logo_FR.png\",\"datePublished\":\"2024-01-20T10:06:09+00:00\",\"dateModified\":\"2024-02-26T07:30:18+00:00\",\"breadcrumb\":{\"@id\":\"https:\/\/dukoralcanada.com\/fr\/nous-joindre\/#breadcrumb\"},\"inLanguage\":\"fr-FR\",\"potentialAction\":[{\"@type\":\"ReadAction\",\"target\":[\"https:\/\/dukoralcanada.com\/fr\/nous-joindre\/\"]}]},{\"@type\":\"ImageObject\",\"inLanguage\":\"fr-FR\",\"@id\":\"https:\/\/dukoralcanada.com\/fr\/nous-joindre\/#primaryimage\",\"url\":\"https:\/\/dukoralcanada.com\/wp-content\/uploads\/2024\/01\/Valneva_TH-Logo_FR.png\",\"contentUrl\":\"https:\/\/dukoralcanada.com\/wp-content\/uploads\/2024\/01\/Valneva_TH-Logo_FR.png\"},{\"@type\":\"BreadcrumbList\",\"@id\":\"https:\/\/dukoralcanada.com\/fr\/nous-joindre\/#breadcrumb\",\"itemListElement\":[{\"@type\":\"ListItem\",\"position\":1,\"name\":\"Home\",\"item\":\"https:\/\/dukoralcanada.com\/fr\/\"},{\"@type\":\"ListItem\",\"position\":2,\"name\":\"Nous Joindre\"}]},{\"@type\":\"WebSite\",\"@id\":\"https:\/\/dukoralcanada.com\/fr\/#website\",\"url\":\"https:\/\/dukoralcanada.com\/fr\/\",\"name\":\"Dukoral Canada\",\"description\":\"\",\"publisher\":{\"@id\":\"https:\/\/dukoralcanada.com\/fr\/#organization\"},\"potentialAction\":[{\"@type\":\"SearchAction\",\"target\":{\"@type\":\"EntryPoint\",\"urlTemplate\":\"https:\/\/dukoralcanada.com\/fr\/?s={search_term_string}\"},\"query-input\":{\"@type\":\"PropertyValueSpecification\",\"valueRequired\":true,\"valueName\":\"search_term_string\"}}],\"inLanguage\":\"fr-FR\"},{\"@type\":\"Organization\",\"@id\":\"https:\/\/dukoralcanada.com\/fr\/#organization\",\"name\":\"Dukoral Canada\",\"url\":\"https:\/\/dukoralcanada.com\/fr\/\",\"logo\":{\"@type\":\"ImageObject\",\"inLanguage\":\"fr-FR\",\"@id\":\"https:\/\/dukoralcanada.com\/fr\/#\/schema\/logo\/image\/\",\"url\":\"https:\/\/dukoralcanada.com\/wp-content\/uploads\/2024\/01\/logo.png\",\"contentUrl\":\"https:\/\/dukoralcanada.com\/wp-content\/uploads\/2024\/01\/logo.png\",\"width\":500,\"height\":118,\"caption\":\"Dukoral Canada\"},\"image\":{\"@id\":\"https:\/\/dukoralcanada.com\/fr\/#\/schema\/logo\/image\/\"}}]}<\/script>\n<!-- \/ Yoast SEO plugin. -->","yoast_head_json":{"title":"Nous Joindre - Dukoral Canada","robots":{"index":"index","follow":"follow","max-snippet":"max-snippet:-1","max-image-preview":"max-image-preview:large","max-video-preview":"max-video-preview:-1"},"canonical":"https:\/\/dukoralcanada.com\/fr\/nous-joindre\/","og_locale":"fr_FR","og_type":"article","og_title":"Nous Joindre - Dukoral Canada","og_description":"NOUS JOINDRE Valneva Canada Inc. Affaires commerciales3535, boul. Saint-Charles, bureau 600Kirkland (Qu\u00e9bec) H9H 5B9CanadaT\u00e9l\u00e9phone : 514-630-6999T\u00e9l\u00e9copieur : 514-630-9666Courriel : valnevacanada@valneva.com","og_url":"https:\/\/dukoralcanada.com\/fr\/nous-joindre\/","og_site_name":"Dukoral Canada","article_modified_time":"2024-02-26T07:30:18+00:00","og_image":[{"url":"https:\/\/dukoralcanada.com\/wp-content\/uploads\/2024\/01\/Valneva_TH-Logo_FR.png","type":"","width":"","height":""}],"twitter_card":"summary_large_image","schema":{"@context":"https:\/\/schema.org","@graph":[{"@type":"WebPage","@id":"https:\/\/dukoralcanada.com\/fr\/nous-joindre\/","url":"https:\/\/dukoralcanada.com\/fr\/nous-joindre\/","name":"Nous Joindre - Dukoral Canada","isPartOf":{"@id":"https:\/\/dukoralcanada.com\/fr\/#website"},"primaryImageOfPage":{"@id":"https:\/\/dukoralcanada.com\/fr\/nous-joindre\/#primaryimage"},"image":{"@id":"https:\/\/dukoralcanada.com\/fr\/nous-joindre\/#primaryimage"},"thumbnailUrl":"https:\/\/dukoralcanada.com\/wp-content\/uploads\/2024\/01\/Valneva_TH-Logo_FR.png","datePublished":"2024-01-20T10:06:09+00:00","dateModified":"2024-02-26T07:30:18+00:00","breadcrumb":{"@id":"https:\/\/dukoralcanada.com\/fr\/nous-joindre\/#breadcrumb"},"inLanguage":"fr-FR","potentialAction":[{"@type":"ReadAction","target":["https:\/\/dukoralcanada.com\/fr\/nous-joindre\/"]}]},{"@type":"ImageObject","inLanguage":"fr-FR","@id":"https:\/\/dukoralcanada.com\/fr\/nous-joindre\/#primaryimage","url":"https:\/\/dukoralcanada.com\/wp-content\/uploads\/2024\/01\/Valneva_TH-Logo_FR.png","contentUrl":"https:\/\/dukoralcanada.com\/wp-content\/uploads\/2024\/01\/Valneva_TH-Logo_FR.png"},{"@type":"BreadcrumbList","@id":"https:\/\/dukoralcanada.com\/fr\/nous-joindre\/#breadcrumb","itemListElement":[{"@type":"ListItem","position":1,"name":"Home","item":"https:\/\/dukoralcanada.com\/fr\/"},{"@type":"ListItem","position":2,"name":"Nous Joindre"}]},{"@type":"WebSite","@id":"https:\/\/dukoralcanada.com\/fr\/#website","url":"https:\/\/dukoralcanada.com\/fr\/","name":"Dukoral Canada","description":"","publisher":{"@id":"https:\/\/dukoralcanada.com\/fr\/#organization"},"potentialAction":[{"@type":"SearchAction","target":{"@type":"EntryPoint","urlTemplate":"https:\/\/dukoralcanada.com\/fr\/?s={search_term_string}"},"query-input":{"@type":"PropertyValueSpecification","valueRequired":true,"valueName":"search_term_string"}}],"inLanguage":"fr-FR"},{"@type":"Organization","@id":"https:\/\/dukoralcanada.com\/fr\/#organization","name":"Dukoral Canada","url":"https:\/\/dukoralcanada.com\/fr\/","logo":{"@type":"ImageObject","inLanguage":"fr-FR","@id":"https:\/\/dukoralcanada.com\/fr\/#\/schema\/logo\/image\/","url":"https:\/\/dukoralcanada.com\/wp-content\/uploads\/2024\/01\/logo.png","contentUrl":"https:\/\/dukoralcanada.com\/wp-content\/uploads\/2024\/01\/logo.png","width":500,"height":118,"caption":"Dukoral Canada"},"image":{"@id":"https:\/\/dukoralcanada.com\/fr\/#\/schema\/logo\/image\/"}}]}},"_links":{"self":[{"href":"https:\/\/dukoralcanada.com\/fr\/wp-json\/wp\/v2\/pages\/1241","targetHints":{"allow":["GET"]}}],"collection":[{"href":"https:\/\/dukoralcanada.com\/fr\/wp-json\/wp\/v2\/pages"}],"about":[{"href":"https:\/\/dukoralcanada.com\/fr\/wp-json\/wp\/v2\/types\/page"}],"author":[{"embeddable":true,"href":"https:\/\/dukoralcanada.com\/fr\/wp-json\/wp\/v2\/users\/1"}],"replies":[{"embeddable":true,"href":"https:\/\/dukoralcanada.com\/fr\/wp-json\/wp\/v2\/comments?post=1241"}],"version-history":[{"count":8,"href":"https:\/\/dukoralcanada.com\/fr\/wp-json\/wp\/v2\/pages\/1241\/revisions"}],"predecessor-version":[{"id":1938,"href":"https:\/\/dukoralcanada.com\/fr\/wp-json\/wp\/v2\/pages\/1241\/revisions\/1938"}],"wp:attachment":[{"href":"https:\/\/dukoralcanada.com\/fr\/wp-json\/wp\/v2\/media?parent=1241"}],"curies":[{"name":"wp","href":"https:\/\/api.w.org\/{rel}","templated":true}]}}