{"id":1056,"date":"2024-03-20T09:31:00","date_gmt":"2024-03-20T09:31:00","guid":{"rendered":"https:\/\/dukoralcanada.com\/traveller\/contact-us\/"},"modified":"2024-05-08T08:05:29","modified_gmt":"2024-05-08T08:05:29","slug":"nous-joindre","status":"publish","type":"page","link":"https:\/\/dukoralcanada.com\/traveller\/fr\/nous-joindre\/","title":{"rendered":"Nous Joindre"},"content":{"rendered":"\t\t<div data-elementor-type=\"wp-page\" data-elementor-id=\"1056\" class=\"elementor elementor-1056 elementor-23\">\n\t\t\t\t<div class=\"elementor-element elementor-element-a5934b6 e-flex e-con-boxed e-con e-parent\" data-id=\"a5934b6\" data-element_type=\"container\" data-settings=\"{&quot;background_background&quot;:&quot;classic&quot;}\">\n\t\t\t\t\t<div class=\"e-con-inner\">\n\t\t<div class=\"elementor-element elementor-element-f23e4a5 e-con-full e-flex e-con e-child\" data-id=\"f23e4a5\" data-element_type=\"container\">\n\t\t\t\t<div class=\"elementor-element elementor-element-99f5a9c elementor-widget elementor-widget-image\" data-id=\"99f5a9c\" data-element_type=\"widget\" data-widget_type=\"image.default\">\n\t\t\t\t<div class=\"elementor-widget-container\">\n\t\t\t\t\t\t\t\t\t\t\t\t\t\t\t<img decoding=\"async\" width=\"100\" height=\"76\" src=\"https:\/\/dukoralcanada.com\/traveller\/wp-content\/uploads\/2024\/03\/ball-bg.png\" class=\"attachment-full size-full wp-image-1018\" alt=\"\" \/>\t\t\t\t\t\t\t\t\t\t\t\t\t\t\t<\/div>\n\t\t\t\t<\/div>\n\t\t\t\t<\/div>\n\t\t<div class=\"elementor-element elementor-element-b438ee2 e-con-full e-flex e-con e-child\" data-id=\"b438ee2\" data-element_type=\"container\">\n\t\t\t\t<div class=\"elementor-element elementor-element-31352b1 elementor-widget elementor-widget-heading\" data-id=\"31352b1\" data-element_type=\"widget\" data-widget_type=\"heading.default\">\n\t\t\t\t<div class=\"elementor-widget-container\">\n\t\t\t\t\t<h2 class=\"elementor-heading-title elementor-size-default\">Nous joindre<\/h2>\t\t\t\t<\/div>\n\t\t\t\t<\/div>\n\t\t\t\t<\/div>\n\t\t\t\t\t<\/div>\n\t\t\t\t<\/div>\n\t\t<div class=\"elementor-element elementor-element-7d3a27c e-con-full e-flex e-con e-parent\" data-id=\"7d3a27c\" data-element_type=\"container\">\n\t\t\t\t<div class=\"elementor-element elementor-element-7ce2037 elementor-widget elementor-widget-google_maps\" data-id=\"7ce2037\" data-element_type=\"widget\" data-widget_type=\"google_maps.default\">\n\t\t\t\t<div class=\"elementor-widget-container\">\n\t\t\t\t\t\t\t<div class=\"elementor-custom-embed\">\n\t\t\t<iframe loading=\"lazy\"\n\t\t\t\t\tsrc=\"https:\/\/maps.google.com\/maps?q=valneva%20canada%20Inc&#038;t=m&#038;z=14&#038;output=embed&#038;iwloc=near\"\n\t\t\t\t\ttitle=\"valneva canada Inc\"\n\t\t\t\t\taria-label=\"valneva canada Inc\"\n\t\t\t><\/iframe>\n\t\t<\/div>\n\t\t\t\t\t\t<\/div>\n\t\t\t\t<\/div>\n\t\t\t\t<\/div>\n\t\t<div class=\"elementor-element elementor-element-5a9f1e6 e-flex e-con-boxed e-con e-parent\" data-id=\"5a9f1e6\" data-element_type=\"container\">\n\t\t\t\t\t<div class=\"e-con-inner\">\n\t\t\t\t<div class=\"elementor-element elementor-element-6e930f5 elementor-widget elementor-widget-text-editor\" data-id=\"6e930f5\" data-element_type=\"widget\" data-widget_type=\"text-editor.default\">\n\t\t\t\t<div class=\"elementor-widget-container\">\n\t\t\t\t\t\t\t\t\tVALNEVA Canada Inc.\t\t\t\t\t\t\t\t<\/div>\n\t\t\t\t<\/div>\n\t\t\t\t<div class=\"elementor-element elementor-element-c721c14 elementor-widget elementor-widget-text-editor\" data-id=\"c721c14\" data-element_type=\"widget\" data-widget_type=\"text-editor.default\">\n\t\t\t\t<div class=\"elementor-widget-container\">\n\t\t\t\t\t\t\t\t\t3535, boul. Saint-Charles, bureau 600 \t\t\t\t\t\t\t\t<\/div>\n\t\t\t\t<\/div>\n\t\t\t\t<div class=\"elementor-element elementor-element-559beb3 elementor-widget elementor-widget-text-editor\" data-id=\"559beb3\" data-element_type=\"widget\" data-widget_type=\"text-editor.default\">\n\t\t\t\t<div class=\"elementor-widget-container\">\n\t\t\t\t\t\t\t\t\tKirkland (Qu\u00e9bec) H9H 5B9\t\t\t\t\t\t\t\t<\/div>\n\t\t\t\t<\/div>\n\t\t\t\t<div class=\"elementor-element elementor-element-7d9722c elementor-widget elementor-widget-text-editor\" data-id=\"7d9722c\" data-element_type=\"widget\" data-widget_type=\"text-editor.default\">\n\t\t\t\t<div class=\"elementor-widget-container\">\n\t\t\t\t\t\t\t\t\tT\u00e9l\u00e9phone : <a class=\"link-text\" href=\"tel:514-630-6999\">514-630-6999<\/a> \t\t\t\t\t\t\t\t<\/div>\n\t\t\t\t<\/div>\n\t\t\t\t<div class=\"elementor-element elementor-element-793d40b elementor-widget elementor-widget-text-editor\" data-id=\"793d40b\" data-element_type=\"widget\" data-widget_type=\"text-editor.default\">\n\t\t\t\t<div class=\"elementor-widget-container\">\n\t\t\t\t\t\t\t\t\tT\u00e9l\u00e9copieur : <a class=\"link-text\" href=\"tel:514-630-9666\">514-630-9666<\/a> \t\t\t\t\t\t\t\t<\/div>\n\t\t\t\t<\/div>\n\t\t\t\t<div class=\"elementor-element elementor-element-26e7f07 elementor-widget elementor-widget-text-editor\" data-id=\"26e7f07\" data-element_type=\"widget\" data-widget_type=\"text-editor.default\">\n\t\t\t\t<div class=\"elementor-widget-container\">\n\t\t\t\t\t\t\t\t\tCourriel : <a class=\"link-text\" href=\"mailto:valnevacanada@valneva.com\">valnevacanada@valneva.com<\/a> \t\t\t\t\t\t\t\t<\/div>\n\t\t\t\t<\/div>\n\t\t\t\t\t<\/div>\n\t\t\t\t<\/div>\n\t\t<div class=\"elementor-element elementor-element-9460380 e-con-full e-flex e-con e-parent\" data-id=\"9460380\" data-element_type=\"container\">\n\t\t<div class=\"elementor-element elementor-element-831c6cf e-con-full e-flex e-con e-child\" data-id=\"831c6cf\" data-element_type=\"container\" data-settings=\"{&quot;background_background&quot;:&quot;classic&quot;}\">\n\t\t\t\t<div class=\"elementor-element elementor-element-9aa2970 elementor-widget elementor-widget-heading\" data-id=\"9aa2970\" data-element_type=\"widget\" data-widget_type=\"heading.default\">\n\t\t\t\t<div class=\"elementor-widget-container\">\n\t\t\t\t\t<h2 class=\"elementor-heading-title elementor-size-default\">Information m\u00e9dicale<\/h2>\t\t\t\t<\/div>\n\t\t\t\t<\/div>\n\t\t\t\t<div class=\"elementor-element elementor-element-9e1fb5e elementor-widget elementor-widget-text-editor\" data-id=\"9e1fb5e\" data-element_type=\"widget\" data-widget_type=\"text-editor.default\">\n\t\t\t\t<div class=\"elementor-widget-container\">\n\t\t\t\t\t\t\t\t\t<a class=\"colored\" style=\"text-decoration: underline;\" href=\"https:\/\/pdf.hres.ca\/dpd_pm\/00072238.PDF\" target=\"_blank\" rel=\"noopener\">Cliquez ici pour acc\u00e9der \u00e0 la monographie de produit<\/a>.\t\t\t\t\t\t\t\t<\/div>\n\t\t\t\t<\/div>\n\t\t\t\t<div class=\"elementor-element elementor-element-12e5f4e elementor-widget elementor-widget-text-editor\" data-id=\"12e5f4e\" data-element_type=\"widget\" data-widget_type=\"text-editor.default\">\n\t\t\t\t<div class=\"elementor-widget-container\">\n\t\t\t\t\t\t\t\t\tLes professionnels de la sant\u00e9 d\u00e9sirant obtenir des renseignements m\u00e9dicaux au sujet de nos produits peuvent nous appeler sans frais au <a class=\"link-text\" href=\"tel:1-855-356-0831\">1-855-356-0831<\/a>.\t\t\t\t\t\t\t\t<\/div>\n\t\t\t\t<\/div>\n\t\t\t\t<\/div>\n\t\t<div class=\"elementor-element elementor-element-ac3e9f7 e-con-full e-flex e-con e-child\" data-id=\"ac3e9f7\" data-element_type=\"container\" data-settings=\"{&quot;background_background&quot;:&quot;classic&quot;}\">\n\t\t\t\t<div class=\"elementor-element elementor-element-ef97207 elementor-widget elementor-widget-heading\" data-id=\"ef97207\" data-element_type=\"widget\" data-widget_type=\"heading.default\">\n\t\t\t\t<div class=\"elementor-widget-container\">\n\t\t\t\t\t<h2 class=\"elementor-heading-title elementor-size-default\">Urgences et conseils m\u00e9dicaux<\/h2>\t\t\t\t<\/div>\n\t\t\t\t<\/div>\n\t\t\t\t<div class=\"elementor-element elementor-element-6c9d12e elementor-widget elementor-widget-text-editor\" data-id=\"6c9d12e\" data-element_type=\"widget\" data-widget_type=\"text-editor.default\">\n\t\t\t\t<div class=\"elementor-widget-container\">\n\t\t\t\t\t\t\t\t\tPour toute urgence m\u00e9dicale ou pour obtenir un avis m\u00e9dical particulier, vous devez communiquer avec votre m\u00e9decin, votre professionnel de la sant\u00e9, un centre antipoison ou le service des urgences de votre r\u00e9gion. \t\t\t\t\t\t\t\t<\/div>\n\t\t\t\t<\/div>\n\t\t\t\t<\/div>\n\t\t\t\t<\/div>\n\t\t<div class=\"elementor-element elementor-element-02fb816 e-flex e-con-boxed e-con e-parent\" data-id=\"02fb816\" data-element_type=\"container\">\n\t\t\t\t\t<div class=\"e-con-inner\">\n\t\t\t\t<div class=\"elementor-element elementor-element-9eacb51 elementor-widget elementor-widget-heading\" data-id=\"9eacb51\" data-element_type=\"widget\" data-widget_type=\"heading.default\">\n\t\t\t\t<div class=\"elementor-widget-container\">\n\t\t\t\t\t<h2 class=\"elementor-heading-title elementor-size-default\">Signaler des effets secondaires soup\u00e7onn\u00e9s<\/h2>\t\t\t\t<\/div>\n\t\t\t\t<\/div>\n\t\t\t\t<div class=\"elementor-element elementor-element-76dd26b elementor-widget elementor-widget-text-editor\" data-id=\"76dd26b\" data-element_type=\"widget\" data-widget_type=\"text-editor.default\">\n\t\t\t\t<div class=\"elementor-widget-container\">\n\t\t\t\t\t\t\t\t\tSi un effet secondaire survient apr\u00e8s la vaccination, veuillez le signaler \u00e0 votre professionnel de la sant\u00e9. \t\t\t\t\t\t\t\t<\/div>\n\t\t\t\t<\/div>\n\t\t\t\t<div class=\"elementor-element elementor-element-d6f7564 elementor-widget elementor-widget-text-editor\" data-id=\"d6f7564\" data-element_type=\"widget\" data-widget_type=\"text-editor.default\">\n\t\t\t\t<div class=\"elementor-widget-container\">\n\t\t\t\t\t\t\t\t\tPour toute information sur la prise en charge de l\u2019effet secondaire, veuillez communiquer avec votre professionnel de la sant\u00e9.\t\t\t\t\t\t\t\t<\/div>\n\t\t\t\t<\/div>\n\t\t\t\t<div class=\"elementor-element elementor-element-9de3621 elementor-widget elementor-widget-text-editor\" data-id=\"9de3621\" data-element_type=\"widget\" data-widget_type=\"text-editor.default\">\n\t\t\t\t<div class=\"elementor-widget-container\">\n\t\t\t\t\t\t\t\t\tPour signaler un effet secondaire, veuillez nous appeler sans frais, au  <a href=\"tel:1-855-356-0831\">1-855-356-0831<\/a>.\t\t\t\t\t\t\t\t<\/div>\n\t\t\t\t<\/div>\n\t\t\t\t\t<\/div>\n\t\t\t\t<\/div>\n\t\t\t\t<\/div>\n\t\t","protected":false},"excerpt":{"rendered":"<p>Nous joindre VALNEVA Canada Inc.3535, boul. Saint-Charles, bureau 600 Kirkland (Qu\u00e9bec) H9H 5B9T\u00e9l\u00e9phone : 514-630-6999 T\u00e9l\u00e9copieur : 514-630-9666 Courriel : valnevacanada@valneva.com Information m\u00e9dicale Cliquez ici pour acc\u00e9der \u00e0 la monographie de produit.Les professionnels de la sant\u00e9 d\u00e9sirant obtenir des renseignements m\u00e9dicaux au sujet de nos produits peuvent nous appeler sans frais au 1-855-356-0831. Urgences et [&hellip;]<\/p>\n","protected":false},"author":1,"featured_media":0,"parent":0,"menu_order":0,"comment_status":"closed","ping_status":"closed","template":"","meta":{"footnotes":""},"class_list":["post-1056","page","type-page","status-publish","hentry"],"yoast_head":"<!-- This site is optimized with the Yoast SEO plugin v26.8 - https:\/\/yoast.com\/product\/yoast-seo-wordpress\/ -->\n<title>Nous Joindre - Traveller<\/title>\n<meta name=\"robots\" content=\"index, follow, max-snippet:-1, max-image-preview:large, max-video-preview:-1\" \/>\n<link rel=\"canonical\" href=\"https:\/\/dukoralcanada.com\/traveller\/fr\/nous-joindre\/\" \/>\n<meta property=\"og:locale\" content=\"fr_FR\" \/>\n<meta property=\"og:type\" content=\"article\" \/>\n<meta property=\"og:title\" content=\"Nous Joindre - Traveller\" \/>\n<meta property=\"og:description\" content=\"Nous joindre VALNEVA Canada Inc.3535, boul. Saint-Charles, bureau 600 Kirkland (Qu\u00e9bec) H9H 5B9T\u00e9l\u00e9phone : 514-630-6999 T\u00e9l\u00e9copieur : 514-630-9666 Courriel : valnevacanada@valneva.com Information m\u00e9dicale Cliquez ici pour acc\u00e9der \u00e0 la monographie de produit.Les professionnels de la sant\u00e9 d\u00e9sirant obtenir des renseignements m\u00e9dicaux au sujet de nos produits peuvent nous appeler sans frais au 1-855-356-0831. Urgences et [&hellip;]\" \/>\n<meta property=\"og:url\" content=\"https:\/\/dukoralcanada.com\/traveller\/fr\/nous-joindre\/\" \/>\n<meta property=\"og:site_name\" content=\"Traveller\" \/>\n<meta property=\"article:publisher\" content=\"https:\/\/www.facebook.com\/Dukoral\" \/>\n<meta property=\"article:modified_time\" content=\"2024-05-08T08:05:29+00:00\" \/>\n<meta property=\"og:image\" content=\"https:\/\/dukoralcanada.com\/traveller\/wp-content\/uploads\/2024\/03\/ball-bg.png\" \/>\n<meta name=\"twitter:card\" content=\"summary_large_image\" \/>\n<meta name=\"twitter:label1\" content=\"Dur\u00e9e de lecture estim\u00e9e\" \/>\n\t<meta name=\"twitter:data1\" content=\"1 minute\" \/>\n<script type=\"application\/ld+json\" class=\"yoast-schema-graph\">{\"@context\":\"https:\/\/schema.org\",\"@graph\":[{\"@type\":\"WebPage\",\"@id\":\"https:\/\/dukoralcanada.com\/traveller\/fr\/nous-joindre\/\",\"url\":\"https:\/\/dukoralcanada.com\/traveller\/fr\/nous-joindre\/\",\"name\":\"Nous Joindre - Traveller\",\"isPartOf\":{\"@id\":\"https:\/\/dukoralcanada.com\/traveller\/fr\/#website\"},\"primaryImageOfPage\":{\"@id\":\"https:\/\/dukoralcanada.com\/traveller\/fr\/nous-joindre\/#primaryimage\"},\"image\":{\"@id\":\"https:\/\/dukoralcanada.com\/traveller\/fr\/nous-joindre\/#primaryimage\"},\"thumbnailUrl\":\"https:\/\/dukoralcanada.com\/traveller\/wp-content\/uploads\/2024\/03\/ball-bg.png\",\"datePublished\":\"2024-03-20T09:31:00+00:00\",\"dateModified\":\"2024-05-08T08:05:29+00:00\",\"breadcrumb\":{\"@id\":\"https:\/\/dukoralcanada.com\/traveller\/fr\/nous-joindre\/#breadcrumb\"},\"inLanguage\":\"fr-FR\",\"potentialAction\":[{\"@type\":\"ReadAction\",\"target\":[\"https:\/\/dukoralcanada.com\/traveller\/fr\/nous-joindre\/\"]}]},{\"@type\":\"ImageObject\",\"inLanguage\":\"fr-FR\",\"@id\":\"https:\/\/dukoralcanada.com\/traveller\/fr\/nous-joindre\/#primaryimage\",\"url\":\"https:\/\/dukoralcanada.com\/traveller\/wp-content\/uploads\/2024\/03\/ball-bg.png\",\"contentUrl\":\"https:\/\/dukoralcanada.com\/traveller\/wp-content\/uploads\/2024\/03\/ball-bg.png\"},{\"@type\":\"BreadcrumbList\",\"@id\":\"https:\/\/dukoralcanada.com\/traveller\/fr\/nous-joindre\/#breadcrumb\",\"itemListElement\":[{\"@type\":\"ListItem\",\"position\":1,\"name\":\"Home\",\"item\":\"https:\/\/dukoralcanada.com\/traveller\/fr\/\"},{\"@type\":\"ListItem\",\"position\":2,\"name\":\"Nous Joindre\"}]},{\"@type\":\"WebSite\",\"@id\":\"https:\/\/dukoralcanada.com\/traveller\/fr\/#website\",\"url\":\"https:\/\/dukoralcanada.com\/traveller\/fr\/\",\"name\":\"Traveller\",\"description\":\"\",\"publisher\":{\"@id\":\"https:\/\/dukoralcanada.com\/traveller\/fr\/#organization\"},\"potentialAction\":[{\"@type\":\"SearchAction\",\"target\":{\"@type\":\"EntryPoint\",\"urlTemplate\":\"https:\/\/dukoralcanada.com\/traveller\/fr\/?s={search_term_string}\"},\"query-input\":{\"@type\":\"PropertyValueSpecification\",\"valueRequired\":true,\"valueName\":\"search_term_string\"}}],\"inLanguage\":\"fr-FR\"},{\"@type\":\"Organization\",\"@id\":\"https:\/\/dukoralcanada.com\/traveller\/fr\/#organization\",\"name\":\"Traveller\",\"url\":\"https:\/\/dukoralcanada.com\/traveller\/fr\/\",\"logo\":{\"@type\":\"ImageObject\",\"inLanguage\":\"fr-FR\",\"@id\":\"https:\/\/dukoralcanada.com\/traveller\/fr\/#\/schema\/logo\/image\/\",\"url\":\"https:\/\/dukoralcanada.com\/traveller\/wp-content\/uploads\/2024\/03\/logo.png\",\"contentUrl\":\"https:\/\/dukoralcanada.com\/traveller\/wp-content\/uploads\/2024\/03\/logo.png\",\"width\":412,\"height\":97,\"caption\":\"Traveller\"},\"image\":{\"@id\":\"https:\/\/dukoralcanada.com\/traveller\/fr\/#\/schema\/logo\/image\/\"},\"sameAs\":[\"https:\/\/www.facebook.com\/Dukoral\",\"https:\/\/www.instagram.com\/dukoral_canada\/?hl=en\",\"https:\/\/www.youtube.com\/channel\/UC7HxxD1sDFu5DTwuRivdMZQ\"]}]}<\/script>\n<!-- \/ Yoast SEO plugin. -->","yoast_head_json":{"title":"Nous Joindre - Traveller","robots":{"index":"index","follow":"follow","max-snippet":"max-snippet:-1","max-image-preview":"max-image-preview:large","max-video-preview":"max-video-preview:-1"},"canonical":"https:\/\/dukoralcanada.com\/traveller\/fr\/nous-joindre\/","og_locale":"fr_FR","og_type":"article","og_title":"Nous Joindre - Traveller","og_description":"Nous joindre VALNEVA Canada Inc.3535, boul. Saint-Charles, bureau 600 Kirkland (Qu\u00e9bec) H9H 5B9T\u00e9l\u00e9phone : 514-630-6999 T\u00e9l\u00e9copieur : 514-630-9666 Courriel : valnevacanada@valneva.com Information m\u00e9dicale Cliquez ici pour acc\u00e9der \u00e0 la monographie de produit.Les professionnels de la sant\u00e9 d\u00e9sirant obtenir des renseignements m\u00e9dicaux au sujet de nos produits peuvent nous appeler sans frais au 1-855-356-0831. Urgences et [&hellip;]","og_url":"https:\/\/dukoralcanada.com\/traveller\/fr\/nous-joindre\/","og_site_name":"Traveller","article_publisher":"https:\/\/www.facebook.com\/Dukoral","article_modified_time":"2024-05-08T08:05:29+00:00","og_image":[{"url":"https:\/\/dukoralcanada.com\/traveller\/wp-content\/uploads\/2024\/03\/ball-bg.png","type":"","width":"","height":""}],"twitter_card":"summary_large_image","twitter_misc":{"Dur\u00e9e de lecture estim\u00e9e":"1 minute"},"schema":{"@context":"https:\/\/schema.org","@graph":[{"@type":"WebPage","@id":"https:\/\/dukoralcanada.com\/traveller\/fr\/nous-joindre\/","url":"https:\/\/dukoralcanada.com\/traveller\/fr\/nous-joindre\/","name":"Nous Joindre - Traveller","isPartOf":{"@id":"https:\/\/dukoralcanada.com\/traveller\/fr\/#website"},"primaryImageOfPage":{"@id":"https:\/\/dukoralcanada.com\/traveller\/fr\/nous-joindre\/#primaryimage"},"image":{"@id":"https:\/\/dukoralcanada.com\/traveller\/fr\/nous-joindre\/#primaryimage"},"thumbnailUrl":"https:\/\/dukoralcanada.com\/traveller\/wp-content\/uploads\/2024\/03\/ball-bg.png","datePublished":"2024-03-20T09:31:00+00:00","dateModified":"2024-05-08T08:05:29+00:00","breadcrumb":{"@id":"https:\/\/dukoralcanada.com\/traveller\/fr\/nous-joindre\/#breadcrumb"},"inLanguage":"fr-FR","potentialAction":[{"@type":"ReadAction","target":["https:\/\/dukoralcanada.com\/traveller\/fr\/nous-joindre\/"]}]},{"@type":"ImageObject","inLanguage":"fr-FR","@id":"https:\/\/dukoralcanada.com\/traveller\/fr\/nous-joindre\/#primaryimage","url":"https:\/\/dukoralcanada.com\/traveller\/wp-content\/uploads\/2024\/03\/ball-bg.png","contentUrl":"https:\/\/dukoralcanada.com\/traveller\/wp-content\/uploads\/2024\/03\/ball-bg.png"},{"@type":"BreadcrumbList","@id":"https:\/\/dukoralcanada.com\/traveller\/fr\/nous-joindre\/#breadcrumb","itemListElement":[{"@type":"ListItem","position":1,"name":"Home","item":"https:\/\/dukoralcanada.com\/traveller\/fr\/"},{"@type":"ListItem","position":2,"name":"Nous Joindre"}]},{"@type":"WebSite","@id":"https:\/\/dukoralcanada.com\/traveller\/fr\/#website","url":"https:\/\/dukoralcanada.com\/traveller\/fr\/","name":"Traveller","description":"","publisher":{"@id":"https:\/\/dukoralcanada.com\/traveller\/fr\/#organization"},"potentialAction":[{"@type":"SearchAction","target":{"@type":"EntryPoint","urlTemplate":"https:\/\/dukoralcanada.com\/traveller\/fr\/?s={search_term_string}"},"query-input":{"@type":"PropertyValueSpecification","valueRequired":true,"valueName":"search_term_string"}}],"inLanguage":"fr-FR"},{"@type":"Organization","@id":"https:\/\/dukoralcanada.com\/traveller\/fr\/#organization","name":"Traveller","url":"https:\/\/dukoralcanada.com\/traveller\/fr\/","logo":{"@type":"ImageObject","inLanguage":"fr-FR","@id":"https:\/\/dukoralcanada.com\/traveller\/fr\/#\/schema\/logo\/image\/","url":"https:\/\/dukoralcanada.com\/traveller\/wp-content\/uploads\/2024\/03\/logo.png","contentUrl":"https:\/\/dukoralcanada.com\/traveller\/wp-content\/uploads\/2024\/03\/logo.png","width":412,"height":97,"caption":"Traveller"},"image":{"@id":"https:\/\/dukoralcanada.com\/traveller\/fr\/#\/schema\/logo\/image\/"},"sameAs":["https:\/\/www.facebook.com\/Dukoral","https:\/\/www.instagram.com\/dukoral_canada\/?hl=en","https:\/\/www.youtube.com\/channel\/UC7HxxD1sDFu5DTwuRivdMZQ"]}]}},"_links":{"self":[{"href":"https:\/\/dukoralcanada.com\/traveller\/fr\/wp-json\/wp\/v2\/pages\/1056","targetHints":{"allow":["GET"]}}],"collection":[{"href":"https:\/\/dukoralcanada.com\/traveller\/fr\/wp-json\/wp\/v2\/pages"}],"about":[{"href":"https:\/\/dukoralcanada.com\/traveller\/fr\/wp-json\/wp\/v2\/types\/page"}],"author":[{"embeddable":true,"href":"https:\/\/dukoralcanada.com\/traveller\/fr\/wp-json\/wp\/v2\/users\/1"}],"replies":[{"embeddable":true,"href":"https:\/\/dukoralcanada.com\/traveller\/fr\/wp-json\/wp\/v2\/comments?post=1056"}],"version-history":[{"count":17,"href":"https:\/\/dukoralcanada.com\/traveller\/fr\/wp-json\/wp\/v2\/pages\/1056\/revisions"}],"predecessor-version":[{"id":1438,"href":"https:\/\/dukoralcanada.com\/traveller\/fr\/wp-json\/wp\/v2\/pages\/1056\/revisions\/1438"}],"wp:attachment":[{"href":"https:\/\/dukoralcanada.com\/traveller\/fr\/wp-json\/wp\/v2\/media?parent=1056"}],"curies":[{"name":"wp","href":"https:\/\/api.w.org\/{rel}","templated":true}]}}