{"id":1082,"date":"2024-03-20T09:29:16","date_gmt":"2024-03-20T09:29:16","guid":{"rendered":"https:\/\/dukoralcanada.com\/traveller\/what-is-dukoral\/"},"modified":"2024-09-05T12:32:31","modified_gmt":"2024-09-05T12:32:31","slug":"quest-ce-que-dukoral","status":"publish","type":"page","link":"https:\/\/dukoralcanada.com\/traveller\/fr\/quest-ce-que-dukoral\/","title":{"rendered":"Qu\u2019est-ce que DUKORAL\u00ae?"},"content":{"rendered":"\t\t<div data-elementor-type=\"wp-page\" data-elementor-id=\"1082\" class=\"elementor elementor-1082 elementor-19\">\n\t\t\t\t<div class=\"elementor-element elementor-element-8f35950 e-flex e-con-boxed e-con e-parent\" data-id=\"8f35950\" data-element_type=\"container\" data-settings=\"{&quot;background_background&quot;:&quot;classic&quot;}\">\n\t\t\t\t\t<div class=\"e-con-inner\">\n\t\t<div class=\"elementor-element elementor-element-3bcd89c e-con-full e-flex e-con e-child\" data-id=\"3bcd89c\" data-element_type=\"container\">\n\t\t\t\t<\/div>\n\t\t<div class=\"elementor-element elementor-element-26263ec e-con-full e-flex e-con e-child\" data-id=\"26263ec\" data-element_type=\"container\">\n\t\t\t\t<div class=\"elementor-element elementor-element-8b55f55 elementor-widget elementor-widget-heading\" data-id=\"8b55f55\" data-element_type=\"widget\" data-widget_type=\"heading.default\">\n\t\t\t\t<div class=\"elementor-widget-container\">\n\t\t\t\t\t<h2 class=\"elementor-heading-title elementor-size-default\">Qu\u2019est-ce que DUKORAL<sup>\u00ae<\/sup>?<\/h2>\t\t\t\t<\/div>\n\t\t\t\t<\/div>\n\t\t\t\t<\/div>\n\t\t\t\t\t<\/div>\n\t\t\t\t<\/div>\n\t\t<div class=\"elementor-element elementor-element-bd2c14a e-con-full e-flex e-con e-parent\" data-id=\"bd2c14a\" data-element_type=\"container\" data-settings=\"{&quot;background_background&quot;:&quot;classic&quot;}\">\n\t\t<div class=\"elementor-element elementor-element-f8ee3dc e-flex e-con-boxed e-con e-child\" data-id=\"f8ee3dc\" data-element_type=\"container\">\n\t\t\t\t\t<div class=\"e-con-inner\">\n\t\t<div class=\"elementor-element elementor-element-edda94b e-flex e-con-boxed e-con e-child\" data-id=\"edda94b\" data-element_type=\"container\">\n\t\t\t\t\t<div class=\"e-con-inner\">\n\t\t<div class=\"elementor-element elementor-element-1134685 e-con-full e-flex e-con e-child\" data-id=\"1134685\" data-element_type=\"container\">\n\t\t\t\t<div class=\"elementor-element elementor-element-7f677a4 elementor-widget elementor-widget-heading\" data-id=\"7f677a4\" data-element_type=\"widget\" data-widget_type=\"heading.default\">\n\t\t\t\t<div class=\"elementor-widget-container\">\n\t\t\t\t\t<h2 class=\"elementor-heading-title elementor-size-default\">QUAND DOIS-JE PRENDRE DUKORAL<sup>\u00ae<\/sup> ?<\/h2>\t\t\t\t<\/div>\n\t\t\t\t<\/div>\n\t\t\t\t<div class=\"elementor-element elementor-element-41a0776 elementor-widget-laptop__width-initial elementor-widget elementor-widget-shortcode\" data-id=\"41a0776\" data-element_type=\"widget\" data-widget_type=\"shortcode.default\">\n\t\t\t\t<div class=\"elementor-widget-container\">\n\t\t\t\t\t\t\t<div class=\"elementor-shortcode\">\t<div class=\"zip-area\">\n\t\t<div class=\"header-banner\" id=\"selectdate-form\">\n\t\t\t<div class=\"input-wrapp\">\n\t\t\t\t<img decoding=\"async\" class=\"map-icon\" src=\"https:\/\/i.ibb.co\/FwDPycv\/Calendar-Icon.png\" alt=\"\">\n\t\t\t\t<input type=\"text\" name=\"searchbox\" placeholder=\"S\u00e9lectionnez votre date de d\u00e9part\" class=\"\" id=\"newdatepicker_fr\">\n\t\t\t<\/div>\n\t\t\t<a href=\"javascript:void(0);\" id=\"open-date-popup\">\n\t\t\t\t<svg xmlns=\"http:\/\/www.w3.org\/2000\/svg\" viewBox=\"0 0 512 512\" fill=\"#fff\" width=\"60\"><!--!Font Awesome Free 6.5.1 by @fontawesome - https:\/\/fontawesome.com License - https:\/\/fontawesome.com\/license\/free Copyright 2024 Fonticons, Inc.-->\n\t\t\t\t\t<path d=\"M256 8c137 0 248 111 248 248S393 504 256 504 8 393 8 256 119 8 256 8zm113.9 231L234.4 103.5c-9.4-9.4-24.6-9.4-33.9 0l-17 17c-9.4 9.4-9.4 24.6 0 33.9L285.1 256 183.5 357.6c-9.4 9.4-9.4 24.6 0 33.9l17 17c9.4 9.4 24.6 9.4 33.9 0L369.9 273c9.4-9.4 9.4-24.6 0-34z\" \/>\n\t\t\t\t<\/svg>\n\t\t\t<\/a>\n\t\t\t<div id=\"custom-popup\" class=\"popup-custom\">\n\t\t\t\t<div class=\"custom-popup-content\">\n\t\t\t\t\t<span class=\"close close-icon\">&times;<\/span>\n\t\t\t\t\t<div class=\"manage--date\">\n\t\t\t\t\t\t<h4><span class=\"colored-txt\">D\u00e9sol\u00e9. La prise de DUKORAL<sup>\u00ae<\/sup> doit \u00eatre commenc\u00e9e au moins 2 semaines avant votre d\u00e9part, \u00e0 moins qu\u2019il s\u2019agisse d\u2019une dose de rappel. Prenez-vous \u00e0 l\u2019avance pour votre prochain voyage.<\/span><\/h4>\n\t\t\t\t\t<\/div>\n\t\t\t\t\t\n\t\t\t\t<\/div>\n\t\t\t<\/div>\n\t\t<\/div>\n\t<\/div>\n\n\t<div class=\"date-schedule\" id=\"okDiv\">\n\t\t<div class=\"d-flex\">\n\t\t\t<h4 class=\"head--one\">Commencez \u00e0 prendre DUKORAL<sup>\u00ae <\/sup> au plus tard le*<br><\/h4>\n\t\t\t<div class=\"estimate-date\">\n\t\t\t\t<h4><span id=\"estimated_hatching_date\"> Month Day <\/span><\/h4>\n\t\t\t<\/div>\n\t\t<\/div>\n\t\t<p class=\"inner-txt\">* Les enfants de 2 \u00e0 6 ans doivent prendre DUKORAL<sup>\u00ae&nbsp;<\/sup>  3 semaines avant le d\u00e9part en voyage pour pr\u00e9venir le chol\u00e9ra.<\/p>\n\t<\/div>\n\n\t<div class=\"date-schedule\" id=\"sorryDiv\">\n\t\t<div class=\"sorry-content\"><span>D\u00e9sol\u00e9. La prise de DUKORAL<sup>\u00ae<\/sup> doit \u00eatre commenc\u00e9e au moins 2 semaines avant votre d\u00e9part, \u00e0 moins qu\u2019il s\u2019agisse d\u2019une dose de rappel. Prenez-vous \u00e0 l\u2019avance pour votre prochain voyage.<\/span>\n\t\t<\/div>\n\t<\/div>\t\n<\/div>\n\t\t\t\t\t\t<\/div>\n\t\t\t\t<\/div>\n\t\t\t\t<\/div>\n\t\t<div class=\"elementor-element elementor-element-a116850 e-con-full e-flex e-con e-child\" data-id=\"a116850\" data-element_type=\"container\">\n\t\t\t\t<\/div>\n\t\t<div class=\"elementor-element elementor-element-2d00c42 e-con-full e-flex e-con e-child\" data-id=\"2d00c42\" data-element_type=\"container\">\n\t\t\t\t<div class=\"elementor-element elementor-element-0f6f0c3 elementor-widget elementor-widget-heading\" data-id=\"0f6f0c3\" data-element_type=\"widget\" data-widget_type=\"heading.default\">\n\t\t\t\t<div class=\"elementor-widget-container\">\n\t\t\t\t\t<h2 class=\"elementor-heading-title elementor-size-default\">O\u00d9 PUIS-JE ME PROCURER DUKORAL<sup>\u00ae<\/sup> ?<\/h2>\t\t\t\t<\/div>\n\t\t\t\t<\/div>\n\t\t\t\t<div class=\"elementor-element elementor-element-ee9614f elementor-widget elementor-widget-shortcode\" data-id=\"ee9614f\" data-element_type=\"widget\" data-widget_type=\"shortcode.default\">\n\t\t\t\t<div class=\"elementor-widget-container\">\n\t\t\t\t\t\t\t<div class=\"elementor-shortcode\">\t<div class=\"zip-area\">\n\t\t<div class=\"header-banner\" id=\"postalform\">\n\t\t\t<div class=\"input-wrapp\">\n\t\t\t\t<img decoding=\"async\" class=\"map-icon\" src=\"https:\/\/i.ibb.co\/54DdNZK\/Location-Marker.png\" alt=\"\">\n\t\t\t\t<input type=\"text\" name=\"searchbox\" placeholder=\"Entrez votre code postal\" id=\"postal-code\">\n\t\t\t<\/div>\n\t\t\t<a href=\"javascript:void(0);\" id=\"open-postal-popup\">\n\t\t\t\t<svg xmlns=\"http:\/\/www.w3.org\/2000\/svg\" viewBox=\"0 0 512 512\" fill=\"#fff\" width=\"60\"><!--!Font Awesome Free 6.5.1 by @fontawesome - https:\/\/fontawesome.com License - https:\/\/fontawesome.com\/license\/free Copyright 2024 Fonticons, Inc.-->\n\t\t\t\t\t<path d=\"M256 8c137 0 248 111 248 248S393 504 256 504 8 393 8 256 119 8 256 8zm113.9 231L234.4 103.5c-9.4-9.4-24.6-9.4-33.9 0l-17 17c-9.4 9.4-9.4 24.6 0 33.9L285.1 256 183.5 357.6c-9.4 9.4-9.4 24.6 0 33.9l17 17c9.4 9.4 24.6 9.4 33.9 0L369.9 273c9.4-9.4 9.4-24.6 0-34z\" \/>\n\t\t\t\t<\/svg>\n\t\t\t<\/a>\n\t\t\t\n\t\t\t<div id=\"custom-postal-popup\" class=\"popup-custom\">\n\t\t\t\t<div class=\"custom-popup-content\">\n\t\t\t\t\t<span class=\"close close-icon\">&times;<\/span>\n\t\t\t\t\t<h2 class=\"heading-title\">VOUS \u00caTES SUR LE POINT DE QUITTER LE SITE DUKORALCANADA.COM<\/h2>\n\t\t\t\t\t<div class=\"inner-content\">\n\t\t\t\t\t\t<p>Ce lien vous dirigera vers un autre site non soumis \u00e0 la politique de confidentialit\u00e9 de Valneva. Nous vous encourageons \u00e0 lire la politique de confidentialit\u00e9 de chaque site Web que vous consultez.<br\/><br\/>Cliquer sur \u00ab Annuler \u00bb pour retourner sur le site www.dukoralcanada.com ou sur \u00ab D\u2019accord \u00bb pour continuer.<\/p>\n\t\t\t\t\t<\/div>\n\t\t\t\t\t<div class=\"d-flex\">\n\t\t\t\t\t\t<div class=\"btn\"><a href=\"javascript:void(0);\" class=\"continue-btn\">D\u2019accord<\/a><\/div> <!-- https:\/\/vaccines411.ca\/en\/find\/dukoral\/3\/101010#results -->\n\t\t\t\t\t\t<div class=\"btn\"><a href=\"javascript:void(0);\" class=\"close ml-1\">Annuler<\/a><\/div>\n\t\t\t\t\t<\/div>\n\t\t\t\t<\/div>\n\t\t\t<\/div>\n\t\t<\/div>\n\t<\/div>\n <\/div>\n\t\t\t\t\t\t<\/div>\n\t\t\t\t<\/div>\n\t\t\t\t<\/div>\n\t\t\t\t\t<\/div>\n\t\t\t\t<\/div>\n\t\t\t\t\t<\/div>\n\t\t\t\t<\/div>\n\t\t\t\t<\/div>\n\t\t<div class=\"elementor-element elementor-element-ee0767c e-con-full e-flex e-con e-parent\" data-id=\"ee0767c\" data-element_type=\"container\" data-settings=\"{&quot;background_background&quot;:&quot;classic&quot;}\">\n\t\t\t\t<div class=\"elementor-element elementor-element-6fab1e2 marq_text elementor-widget elementor-widget-text-editor\" data-id=\"6fab1e2\" data-element_type=\"widget\" data-widget_type=\"text-editor.default\">\n\t\t\t\t<div class=\"elementor-widget-container\">\n\t\t\t\t\t\t\t\t\tPour la diarrh\u00e9e \u00e0 ETEC producteur de TL ET le chol\u00e9ra\t\t\t\t\t\t\t\t<\/div>\n\t\t\t\t<\/div>\n\t\t\t\t<\/div>\n\t\t<div class=\"elementor-element elementor-element-96ccf2d e-flex e-con-boxed e-con e-parent\" data-id=\"96ccf2d\" data-element_type=\"container\" data-settings=\"{&quot;background_background&quot;:&quot;classic&quot;}\">\n\t\t\t\t\t<div class=\"e-con-inner\">\n\t\t<div class=\"elementor-element elementor-element-5ede0ad e-con-full e-flex e-con e-child\" data-id=\"5ede0ad\" data-element_type=\"container\">\n\t\t\t\t<div class=\"elementor-element elementor-element-0b79700 elementor-widget elementor-widget-text-editor\" data-id=\"0b79700\" data-element_type=\"widget\" data-widget_type=\"text-editor.default\">\n\t\t\t\t<div class=\"elementor-widget-container\">\n\t\t\t\t\t\t\t\t\tDUKORAL<sup>\u00ae<\/sup> est un vaccin buvable utilis\u00e9 pour aider \u00e0 pr\u00e9venir la diarrh\u00e9e caus\u00e9e par <em>E.\u00a0coli<\/em> ent\u00e9rotoxinog\u00e8ne producteur d\u2019une toxine sensible \u00e0 la chaleur (ETEC producteur de TL), de m\u00eame que le chol\u00e9ra. Ce vaccin \u00e0 prendre par voie orale peut \u00eatre administr\u00e9 aux adultes et aux enfants de 2\u00a0ans ou plus. \t\t\t\t\t\t\t\t<\/div>\n\t\t\t\t<\/div>\n\t\t\t\t<div class=\"elementor-element elementor-element-06b838e elementor-align-center blue_trns_btn elementor-widget elementor-widget-button\" data-id=\"06b838e\" data-element_type=\"widget\" data-widget_type=\"button.default\">\n\t\t\t\t<div class=\"elementor-widget-container\">\n\t\t\t\t\t\t\t\t\t<div class=\"elementor-button-wrapper\">\n\t\t\t\t\t<a class=\"elementor-button elementor-button-link elementor-size-sm\" href=\"https:\/\/dukoralcanada.com\/traveller\/wp-content\/uploads\/2024\/04\/Brochure-dinformation-pour-le-patient.pdf\" download=\"BROCHURE D\u2019INFORMATION POUR LE PATIENT\" id=\"btnn\">\n\t\t\t\t\t\t<span class=\"elementor-button-content-wrapper\">\n\t\t\t\t\t\t\t\t\t<span class=\"elementor-button-text\">VEUILLEZ CLIQUER ICI POUR EN SAVOIR PLUS SUR DUKORAL<sup>\u00ae<\/sup><\/span>\n\t\t\t\t\t<\/span>\n\t\t\t\t\t<\/a>\n\t\t\t\t<\/div>\n\t\t\t\t\t\t\t\t<\/div>\n\t\t\t\t<\/div>\n\t\t\t\t<\/div>\n\t\t\t\t\t<\/div>\n\t\t\t\t<\/div>\n\t\t<div class=\"elementor-element elementor-element-211da45 e-flex e-con-boxed e-con e-parent\" data-id=\"211da45\" data-element_type=\"container\">\n\t\t\t\t\t<div class=\"e-con-inner\">\n\t\t\t\t<div class=\"elementor-element elementor-element-5066536 elementor-widget elementor-widget-heading\" data-id=\"5066536\" data-element_type=\"widget\" data-widget_type=\"heading.default\">\n\t\t\t\t<div class=\"elementor-widget-container\">\n\t\t\t\t\t<h2 class=\"elementor-heading-title elementor-size-default\">Comment et quand prendre DUKORAL<sup>\u00ae<\/sup><\/h2>\t\t\t\t<\/div>\n\t\t\t\t<\/div>\n\t\t\t\t<div class=\"elementor-element elementor-element-07cc1fe elementor-widget elementor-widget-video\" data-id=\"07cc1fe\" data-element_type=\"widget\" data-settings=\"{&quot;video_type&quot;:&quot;hosted&quot;,&quot;controls&quot;:&quot;yes&quot;}\" data-widget_type=\"video.default\">\n\t\t\t\t<div class=\"elementor-widget-container\">\n\t\t\t\t\t\t\t<div class=\"e-hosted-video elementor-wrapper elementor-open-inline\">\n\t\t\t\t\t<video class=\"elementor-video\" src=\"https:\/\/dukoralcanada.com\/traveller\/video\/dukoral-dosing-fr.mp4\" controls=\"\" preload=\"metadata\" controlsList=\"nodownload\"><\/video>\n\t\t\t\t<\/div>\n\t\t\t\t\t\t<\/div>\n\t\t\t\t<\/div>\n\t\t\t\t<div class=\"elementor-element elementor-element-05687fc elementor-align-center orange_btn elementor-widget elementor-widget-button\" data-id=\"05687fc\" data-element_type=\"widget\" data-widget_type=\"button.default\">\n\t\t\t\t<div class=\"elementor-widget-container\">\n\t\t\t\t\t\t\t\t\t<div class=\"elementor-button-wrapper\">\n\t\t\t\t\t<a class=\"elementor-button elementor-button-link elementor-size-sm\" href=\"https:\/\/dukoralcanada.com\/traveller\/wp-content\/uploads\/2024\/04\/Fiche-dinstructions-sur-DUKORAL.pdf\" download=\"FICHE D\u2019INSTRUCTIONS SUR DUKORAL\" id=\"btnn\">\n\t\t\t\t\t\t<span class=\"elementor-button-content-wrapper\">\n\t\t\t\t\t\t\t\t\t<span class=\"elementor-button-text\">CLIQUEZ POUR T\u00c9L\u00c9CHARGER LE MODE D\u2019EMPLOI DE DUKORAL<sup>\u00ae<\/sup><\/span>\n\t\t\t\t\t<\/span>\n\t\t\t\t\t<\/a>\n\t\t\t\t<\/div>\n\t\t\t\t\t\t\t\t<\/div>\n\t\t\t\t<\/div>\n\t\t\t\t<div class=\"elementor-element elementor-element-4906391 elementor-widget elementor-widget-text-editor\" data-id=\"4906391\" data-element_type=\"widget\" data-widget_type=\"text-editor.default\">\n\t\t\t\t<div class=\"elementor-widget-container\">\n\t\t\t\t\t\t\t\t\tDUKORAL<sup>\u00ae<\/sup> ne traite pas la diarrh\u00e9e \u00e0 <em>E.\u00a0coli<\/em> ent\u00e9rotoxinog\u00e8ne producteur de TL (ETEC producteur de TL) ni le chol\u00e9ra apr\u00e8s leur apparition et ne pr\u00e9vient pas la diarrh\u00e9e caus\u00e9e par d\u2019autres micro-organismes. Les personnes recevant un vaccin ne seront pas toutes enti\u00e8rement prot\u00e9g\u00e9es. Il faut donc prendre les pr\u00e9cautions n\u00e9cessaires pour \u00e9viter de consommer des aliments et de l\u2019eau contamin\u00e9s. DUKORAL<sup>\u00ae<\/sup> n\u2019est pas recommand\u00e9 pendant la grossesse. Discutez avec votre m\u00e9decin des risques \u00e9ventuels et des avantages de la prise de DUKORAL<sup>\u00ae<\/sup> pendant la grossesse. Des r\u00e9actions allergiques et des effets secondaires comme la douleur abdominale, la diarrh\u00e9e, la fi\u00e8vre, les naus\u00e9es et les vomissements pourraient survenir. \t\t\t\t\t\t\t\t<\/div>\n\t\t\t\t<\/div>\n\t\t\t\t\t<\/div>\n\t\t\t\t<\/div>\n\t\t\t\t<\/div>\n\t\t","protected":false},"excerpt":{"rendered":"<p>Qu\u2019est-ce que DUKORAL\u00ae? QUAND DOIS-JE PRENDRE DUKORAL\u00ae ? O\u00d9 PUIS-JE ME PROCURER DUKORAL\u00ae ? Pour la diarrh\u00e9e \u00e0 ETEC producteur de TL ET le chol\u00e9raDUKORAL\u00ae est un vaccin buvable utilis\u00e9 pour aider \u00e0 pr\u00e9venir la diarrh\u00e9e caus\u00e9e par E.\u00a0coli ent\u00e9rotoxinog\u00e8ne producteur d\u2019une toxine sensible \u00e0 la chaleur (ETEC producteur de TL), de m\u00eame que le [&hellip;]<\/p>\n","protected":false},"author":1,"featured_media":0,"parent":0,"menu_order":0,"comment_status":"closed","ping_status":"closed","template":"elementor_header_footer","meta":{"footnotes":""},"class_list":["post-1082","page","type-page","status-publish","hentry"],"yoast_head":"<!-- This site is optimized with the Yoast SEO plugin v26.8 - https:\/\/yoast.com\/product\/yoast-seo-wordpress\/ -->\n<title>Qu\u2019est-ce que DUKORAL\u00ae? - Traveller<\/title>\n<meta name=\"robots\" content=\"index, follow, max-snippet:-1, max-image-preview:large, max-video-preview:-1\" \/>\n<link rel=\"canonical\" href=\"https:\/\/dukoralcanada.com\/traveller\/fr\/quest-ce-que-dukoral\/\" \/>\n<meta property=\"og:locale\" content=\"fr_FR\" \/>\n<meta property=\"og:type\" content=\"article\" \/>\n<meta property=\"og:title\" content=\"Qu\u2019est-ce que DUKORAL\u00ae? - Traveller\" \/>\n<meta property=\"og:description\" content=\"Qu\u2019est-ce que DUKORAL\u00ae? QUAND DOIS-JE PRENDRE DUKORAL\u00ae ? O\u00d9 PUIS-JE ME PROCURER DUKORAL\u00ae ? Pour la diarrh\u00e9e \u00e0 ETEC producteur de TL ET le chol\u00e9raDUKORAL\u00ae est un vaccin buvable utilis\u00e9 pour aider \u00e0 pr\u00e9venir la diarrh\u00e9e caus\u00e9e par E.\u00a0coli ent\u00e9rotoxinog\u00e8ne producteur d\u2019une toxine sensible \u00e0 la chaleur (ETEC producteur de TL), de m\u00eame que le [&hellip;]\" \/>\n<meta property=\"og:url\" content=\"https:\/\/dukoralcanada.com\/traveller\/fr\/quest-ce-que-dukoral\/\" \/>\n<meta property=\"og:site_name\" content=\"Traveller\" \/>\n<meta property=\"article:publisher\" content=\"https:\/\/www.facebook.com\/Dukoral\" \/>\n<meta property=\"article:modified_time\" content=\"2024-09-05T12:32:31+00:00\" \/>\n<meta name=\"twitter:card\" content=\"summary_large_image\" \/>\n<meta name=\"twitter:label1\" content=\"Dur\u00e9e de lecture estim\u00e9e\" \/>\n\t<meta name=\"twitter:data1\" content=\"2 minutes\" \/>\n<script type=\"application\/ld+json\" class=\"yoast-schema-graph\">{\"@context\":\"https:\/\/schema.org\",\"@graph\":[{\"@type\":\"WebPage\",\"@id\":\"https:\/\/dukoralcanada.com\/traveller\/fr\/quest-ce-que-dukoral\/\",\"url\":\"https:\/\/dukoralcanada.com\/traveller\/fr\/quest-ce-que-dukoral\/\",\"name\":\"Qu\u2019est-ce que DUKORAL\u00ae? - Traveller\",\"isPartOf\":{\"@id\":\"https:\/\/dukoralcanada.com\/traveller\/fr\/#website\"},\"datePublished\":\"2024-03-20T09:29:16+00:00\",\"dateModified\":\"2024-09-05T12:32:31+00:00\",\"breadcrumb\":{\"@id\":\"https:\/\/dukoralcanada.com\/traveller\/fr\/quest-ce-que-dukoral\/#breadcrumb\"},\"inLanguage\":\"fr-FR\",\"potentialAction\":[{\"@type\":\"ReadAction\",\"target\":[\"https:\/\/dukoralcanada.com\/traveller\/fr\/quest-ce-que-dukoral\/\"]}]},{\"@type\":\"BreadcrumbList\",\"@id\":\"https:\/\/dukoralcanada.com\/traveller\/fr\/quest-ce-que-dukoral\/#breadcrumb\",\"itemListElement\":[{\"@type\":\"ListItem\",\"position\":1,\"name\":\"Home\",\"item\":\"https:\/\/dukoralcanada.com\/traveller\/fr\/\"},{\"@type\":\"ListItem\",\"position\":2,\"name\":\"Qu\u2019est-ce que DUKORAL\u00ae?\"}]},{\"@type\":\"WebSite\",\"@id\":\"https:\/\/dukoralcanada.com\/traveller\/fr\/#website\",\"url\":\"https:\/\/dukoralcanada.com\/traveller\/fr\/\",\"name\":\"Traveller\",\"description\":\"\",\"publisher\":{\"@id\":\"https:\/\/dukoralcanada.com\/traveller\/fr\/#organization\"},\"potentialAction\":[{\"@type\":\"SearchAction\",\"target\":{\"@type\":\"EntryPoint\",\"urlTemplate\":\"https:\/\/dukoralcanada.com\/traveller\/fr\/?s={search_term_string}\"},\"query-input\":{\"@type\":\"PropertyValueSpecification\",\"valueRequired\":true,\"valueName\":\"search_term_string\"}}],\"inLanguage\":\"fr-FR\"},{\"@type\":\"Organization\",\"@id\":\"https:\/\/dukoralcanada.com\/traveller\/fr\/#organization\",\"name\":\"Traveller\",\"url\":\"https:\/\/dukoralcanada.com\/traveller\/fr\/\",\"logo\":{\"@type\":\"ImageObject\",\"inLanguage\":\"fr-FR\",\"@id\":\"https:\/\/dukoralcanada.com\/traveller\/fr\/#\/schema\/logo\/image\/\",\"url\":\"https:\/\/dukoralcanada.com\/traveller\/wp-content\/uploads\/2024\/03\/logo.png\",\"contentUrl\":\"https:\/\/dukoralcanada.com\/traveller\/wp-content\/uploads\/2024\/03\/logo.png\",\"width\":412,\"height\":97,\"caption\":\"Traveller\"},\"image\":{\"@id\":\"https:\/\/dukoralcanada.com\/traveller\/fr\/#\/schema\/logo\/image\/\"},\"sameAs\":[\"https:\/\/www.facebook.com\/Dukoral\",\"https:\/\/www.instagram.com\/dukoral_canada\/?hl=en\",\"https:\/\/www.youtube.com\/channel\/UC7HxxD1sDFu5DTwuRivdMZQ\"]}]}<\/script>\n<!-- \/ Yoast SEO plugin. -->","yoast_head_json":{"title":"Qu\u2019est-ce que DUKORAL\u00ae? - Traveller","robots":{"index":"index","follow":"follow","max-snippet":"max-snippet:-1","max-image-preview":"max-image-preview:large","max-video-preview":"max-video-preview:-1"},"canonical":"https:\/\/dukoralcanada.com\/traveller\/fr\/quest-ce-que-dukoral\/","og_locale":"fr_FR","og_type":"article","og_title":"Qu\u2019est-ce que DUKORAL\u00ae? - Traveller","og_description":"Qu\u2019est-ce que DUKORAL\u00ae? QUAND DOIS-JE PRENDRE DUKORAL\u00ae ? O\u00d9 PUIS-JE ME PROCURER DUKORAL\u00ae ? Pour la diarrh\u00e9e \u00e0 ETEC producteur de TL ET le chol\u00e9raDUKORAL\u00ae est un vaccin buvable utilis\u00e9 pour aider \u00e0 pr\u00e9venir la diarrh\u00e9e caus\u00e9e par E.\u00a0coli ent\u00e9rotoxinog\u00e8ne producteur d\u2019une toxine sensible \u00e0 la chaleur (ETEC producteur de TL), de m\u00eame que le [&hellip;]","og_url":"https:\/\/dukoralcanada.com\/traveller\/fr\/quest-ce-que-dukoral\/","og_site_name":"Traveller","article_publisher":"https:\/\/www.facebook.com\/Dukoral","article_modified_time":"2024-09-05T12:32:31+00:00","twitter_card":"summary_large_image","twitter_misc":{"Dur\u00e9e de lecture estim\u00e9e":"2 minutes"},"schema":{"@context":"https:\/\/schema.org","@graph":[{"@type":"WebPage","@id":"https:\/\/dukoralcanada.com\/traveller\/fr\/quest-ce-que-dukoral\/","url":"https:\/\/dukoralcanada.com\/traveller\/fr\/quest-ce-que-dukoral\/","name":"Qu\u2019est-ce que DUKORAL\u00ae? - Traveller","isPartOf":{"@id":"https:\/\/dukoralcanada.com\/traveller\/fr\/#website"},"datePublished":"2024-03-20T09:29:16+00:00","dateModified":"2024-09-05T12:32:31+00:00","breadcrumb":{"@id":"https:\/\/dukoralcanada.com\/traveller\/fr\/quest-ce-que-dukoral\/#breadcrumb"},"inLanguage":"fr-FR","potentialAction":[{"@type":"ReadAction","target":["https:\/\/dukoralcanada.com\/traveller\/fr\/quest-ce-que-dukoral\/"]}]},{"@type":"BreadcrumbList","@id":"https:\/\/dukoralcanada.com\/traveller\/fr\/quest-ce-que-dukoral\/#breadcrumb","itemListElement":[{"@type":"ListItem","position":1,"name":"Home","item":"https:\/\/dukoralcanada.com\/traveller\/fr\/"},{"@type":"ListItem","position":2,"name":"Qu\u2019est-ce que DUKORAL\u00ae?"}]},{"@type":"WebSite","@id":"https:\/\/dukoralcanada.com\/traveller\/fr\/#website","url":"https:\/\/dukoralcanada.com\/traveller\/fr\/","name":"Traveller","description":"","publisher":{"@id":"https:\/\/dukoralcanada.com\/traveller\/fr\/#organization"},"potentialAction":[{"@type":"SearchAction","target":{"@type":"EntryPoint","urlTemplate":"https:\/\/dukoralcanada.com\/traveller\/fr\/?s={search_term_string}"},"query-input":{"@type":"PropertyValueSpecification","valueRequired":true,"valueName":"search_term_string"}}],"inLanguage":"fr-FR"},{"@type":"Organization","@id":"https:\/\/dukoralcanada.com\/traveller\/fr\/#organization","name":"Traveller","url":"https:\/\/dukoralcanada.com\/traveller\/fr\/","logo":{"@type":"ImageObject","inLanguage":"fr-FR","@id":"https:\/\/dukoralcanada.com\/traveller\/fr\/#\/schema\/logo\/image\/","url":"https:\/\/dukoralcanada.com\/traveller\/wp-content\/uploads\/2024\/03\/logo.png","contentUrl":"https:\/\/dukoralcanada.com\/traveller\/wp-content\/uploads\/2024\/03\/logo.png","width":412,"height":97,"caption":"Traveller"},"image":{"@id":"https:\/\/dukoralcanada.com\/traveller\/fr\/#\/schema\/logo\/image\/"},"sameAs":["https:\/\/www.facebook.com\/Dukoral","https:\/\/www.instagram.com\/dukoral_canada\/?hl=en","https:\/\/www.youtube.com\/channel\/UC7HxxD1sDFu5DTwuRivdMZQ"]}]}},"_links":{"self":[{"href":"https:\/\/dukoralcanada.com\/traveller\/fr\/wp-json\/wp\/v2\/pages\/1082","targetHints":{"allow":["GET"]}}],"collection":[{"href":"https:\/\/dukoralcanada.com\/traveller\/fr\/wp-json\/wp\/v2\/pages"}],"about":[{"href":"https:\/\/dukoralcanada.com\/traveller\/fr\/wp-json\/wp\/v2\/types\/page"}],"author":[{"embeddable":true,"href":"https:\/\/dukoralcanada.com\/traveller\/fr\/wp-json\/wp\/v2\/users\/1"}],"replies":[{"embeddable":true,"href":"https:\/\/dukoralcanada.com\/traveller\/fr\/wp-json\/wp\/v2\/comments?post=1082"}],"version-history":[{"count":25,"href":"https:\/\/dukoralcanada.com\/traveller\/fr\/wp-json\/wp\/v2\/pages\/1082\/revisions"}],"predecessor-version":[{"id":1627,"href":"https:\/\/dukoralcanada.com\/traveller\/fr\/wp-json\/wp\/v2\/pages\/1082\/revisions\/1627"}],"wp:attachment":[{"href":"https:\/\/dukoralcanada.com\/traveller\/fr\/wp-json\/wp\/v2\/media?parent=1082"}],"curies":[{"name":"wp","href":"https:\/\/api.w.org\/{rel}","templated":true}]}}